{"id":751,"date":"2022-06-29T06:55:34","date_gmt":"2022-06-29T06:55:34","guid":{"rendered":"https:\/\/bracketweb.com\/brotewp\/kitchen-cleaning-copy\/"},"modified":"2026-03-10T02:26:19","modified_gmt":"2026-03-10T02:26:19","slug":"renovation-complete","status":"publish","type":"page","link":"https:\/\/sgsolutions.shop\/nl\/renovation-complete\/","title":{"rendered":"Volledige renovatie"},"content":{"rendered":"<div data-elementor-type=\"wp-page\" data-elementor-id=\"751\" class=\"elementor elementor-751\" data-elementor-post-type=\"page\">\n\t\t\t\t\t\t<section class=\"elementor-section elementor-top-section elementor-element elementor-element-aa15a44 single-service elementor-section-boxed elementor-section-height-default elementor-section-height-default\" data-id=\"aa15a44\" data-element_type=\"section\" data-e-type=\"section\">\n\t\t\t\t\t\t<div class=\"elementor-container elementor-column-gap-default\">\n\t\t\t\t\t<div class=\"elementor-column elementor-col-33 elementor-top-column elementor-element elementor-element-f8ac1d3\" data-id=\"f8ac1d3\" data-element_type=\"column\" data-e-type=\"column\">\n\t\t\t<div class=\"elementor-widget-wrap elementor-element-populated\">\n\t\t\t\t\t\t<div class=\"elementor-element elementor-element-85928d3 elementor-widget elementor-widget-sidebar-nav\" data-id=\"85928d3\" data-element_type=\"widget\" data-e-type=\"widget\" data-widget_type=\"sidebar-nav.default\">\n\t\t\t\t<div class=\"elementor-widget-container\">\n\t\t\t\t\t\r\n    <div class=\"service-details__category\">\r\n                    <h4 class=\"service-details__category-title\">Nos-diensten<\/h4>\r\n                            <ul id=\"menu-service-menu\" class=\"service-details__category-list list-unstyled clearfix ml-0\"><li id=\"menu-item-1233\" class=\"menu-item menu-item-type-post_type menu-item-object-page menu-item-1233\"><a href=\"https:\/\/sgsolutions.shop\/nl\/panneaux-photovoltaique\/\"><span class=\"fa fa-angle-right\"><\/span>Fotovolta\u00efsche panelen<\/a><\/li>\n<li id=\"menu-item-1235\" class=\"menu-item menu-item-type-post_type menu-item-object-page menu-item-1235\"><a href=\"https:\/\/sgsolutions.shop\/nl\/renovation-complete\/\"><span class=\"fa fa-angle-right\"><\/span>Volledige renovatie<\/a><\/li>\n<li id=\"menu-item-1231\" class=\"menu-item menu-item-type-post_type menu-item-object-page menu-item-1231\"><a href=\"https:\/\/sgsolutions.shop\/nl\/pompe-a-chaleur\/\"><span class=\"fa fa-angle-right\"><\/span>Warmtepomp<\/a><\/li>\n<\/ul>        \r\n    <\/div>\r\n\r\n\r\n\r\n\t\t\t\t<\/div>\n\t\t\t\t<\/div>\n\t\t\t\t<div class=\"elementor-element elementor-element-c057473 elementor-widget elementor-widget-footer-sidebar-call-to-action\" data-id=\"c057473\" data-element_type=\"widget\" data-e-type=\"widget\" data-widget_type=\"footer-sidebar-call-to-action.default\">\n\t\t\t\t<div class=\"elementor-widget-container\">\n\t\t\t\t\t    <div class=\"service-details__need-help\">\r\n        <div class=\"service-details__need-help-bg\" style=\"background-image: url(https:\/\/sgsolutions.shop\/wp-content\/uploads\/2026\/03\/Renovation-PIC2.jpg)\">\r\n        <\/div>\r\n        <div class=\"service-details__need-help-icon icon-svg-large\">\r\n            <span aria-hidden=\"true\" class=\"icon-phone-call\"><\/span>        <\/div>\r\n                    <h2 class=\"service-details__need-help-title\">Duurzame energieoplossing voor uw huis en bedrijf.<\/h2>\r\n                            <div class=\"service-details__need-help-contact\">\r\n                <p>SNELLE HULP<\/p>\r\n                <a href=\"tel:003242772594\">+32 42 77 25 94<\/a>\r\n            <\/div>\r\n            <\/div>\r\n\r\n\t\t\t\t<\/div>\n\t\t\t\t<\/div>\n\t\t\t\t<div class=\"elementor-element elementor-element-a78ee4d elementor-widget elementor-widget-brote-button\" data-id=\"a78ee4d\" data-element_type=\"widget\" data-e-type=\"widget\" data-widget_type=\"brote-button.default\">\n\t\t\t\t<div class=\"elementor-widget-container\">\n\t\t\t\t\t    <div class=\"service-details__download\">\r\n        <a href=\"https:\/\/sgsolutions.shop\/nl\/contactez-nous\/\" class=\"thm-btn service-details__btn\">Neem contact met ons op            <i aria-hidden=\"true\" class=\"fa fa-angle-right\"><\/i>        <\/a>\r\n    <\/div>\r\n\t\t\t\t<\/div>\n\t\t\t\t<\/div>\n\t\t\t\t\t<\/div>\n\t\t<\/div>\n\t\t\t\t<div class=\"elementor-column elementor-col-66 elementor-top-column elementor-element elementor-element-5a9f721\" data-id=\"5a9f721\" data-element_type=\"column\" data-e-type=\"column\">\n\t\t\t<div class=\"elementor-widget-wrap elementor-element-populated\">\n\t\t\t\t\t\t<div class=\"elementor-element elementor-element-b381ed5 service-details__img elementor-widget elementor-widget-image\" data-id=\"b381ed5\" data-element_type=\"widget\" data-e-type=\"widget\" data-widget_type=\"image.default\">\n\t\t\t\t\t\t\t\t\t\t\t\t\t\t\t<img fetchpriority=\"high\" decoding=\"async\" width=\"770\" height=\"420\" src=\"https:\/\/sgsolutions.shop\/wp-content\/uploads\/2026\/03\/Renovation-PIC2-770x420.jpg\" class=\"attachment-post-thumbnail size-post-thumbnail wp-image-2181\" alt=\"\" srcset=\"https:\/\/sgsolutions.shop\/wp-content\/uploads\/2026\/03\/Renovation-PIC2-770x420.jpg 770w, https:\/\/sgsolutions.shop\/wp-content\/uploads\/2026\/03\/Renovation-PIC2-18x9.jpg 18w\" sizes=\"(max-width: 770px) 100vw, 770px\" \/>\t\t\t\t\t\t\t\t\t\t\t\t\t\t\t<\/div>\n\t\t\t\t<div class=\"elementor-element elementor-element-0cbc55b elementor-widget elementor-widget-heading\" data-id=\"0cbc55b\" data-element_type=\"widget\" data-e-type=\"widget\" data-widget_type=\"heading.default\">\n\t\t\t\t\t<h3 class=\"elementor-heading-title elementor-size-default\">Volledige energierenovatie<\/h3>\t\t\t\t<\/div>\n\t\t\t\t<div class=\"elementor-element elementor-element-507d874 elementor-widget elementor-widget-text-editor\" data-id=\"507d874\" data-element_type=\"widget\" data-e-type=\"widget\" data-widget_type=\"text-editor.default\">\n\t\t\t\t\t\t\t\t\t<p><strong>Verbeter het comfort en de energie-effici\u00ebntie van uw woning of bedrijf met SG Solutions. Wij begeleiden u bij al uw projecten rond hernieuwbare energie: verwarming, warm water, ventilatie, airconditioning, vloerverwarming en fotovolta\u00efsche panelen. <\/strong><br \/><br \/><strong>Onze experts zorgen voor een persoonlijke opvolging om betrouwbare, performante en duurzame installaties te garanderen, terwijl uw energiefacturen worden verlaagd.<\/strong><\/p>\t\t\t\t\t\t\t\t<\/div>\n\t\t\t\t<div class=\"elementor-element elementor-element-6feff36 elementor-hidden-desktop elementor-hidden-tablet elementor-hidden-mobile elementor-widget elementor-widget-brote-icon-box\" data-id=\"6feff36\" data-element_type=\"widget\" data-e-type=\"widget\" data-widget_type=\"brote-icon-box.default\">\n\t\t\t\t<div class=\"elementor-widget-container\">\n\t\t\t\t\t    <div class=\"service-details__points-box\">\r\n                    <ul class=\"list-unstyled service-details__points ml-0\">\r\n                                    <li>\r\n                        <div class=\"service-details__points-icon icon-svg-large\">\r\n                            <span aria-hidden=\"true\" class=\"icon-household\"><\/span>                        <\/div>\r\n                        <div class=\"service-details__points-content\">\r\n                            <p>Wij bieden moderne en duurzame energieoplossingen om de energieprestaties van woningen en bedrijven te verbeteren.<\/p>\r\n                        <\/div>\r\n                    <\/li>\r\n                                    <li>\r\n                        <div class=\"service-details__points-icon icon-svg-large\">\r\n                            <span aria-hidden=\"true\" class=\"icon-broom\"><\/span>                        <\/div>\r\n                        <div class=\"service-details__points-content\">\r\n                            <p>\nWij bieden moderne en duurzame energieoplossingen om de energieprestaties van woningen en bedrijven te verbeteren.<\/p>\r\n                        <\/div>\r\n                    <\/li>\r\n                            <\/ul>\r\n            <\/div>\r\n\t\t\t\t<\/div>\n\t\t\t\t<\/div>\n\t\t\t\t<div class=\"elementor-element elementor-element-faee07d elementor-widget elementor-widget-brote-our-benefit\" data-id=\"faee07d\" data-element_type=\"widget\" data-e-type=\"widget\" data-widget_type=\"brote-our-benefit.default\">\n\t\t\t\t<div class=\"elementor-widget-container\">\n\t\t\t\t\t\t<div class=\"service-details__benefits\">\r\n\t\t<div class=\"row\">\r\n\t\t\t<div class=\"col-xl-6\">\r\n\t\t\t\t\t\t\t\t\t<div class=\"service-details__benefits-img\">\r\n\t\t\t\t\t\t<img decoding=\"async\" src=\"https:\/\/sgsolutions.shop\/wp-content\/uploads\/2026\/03\/Renovation-PIC3.jpg\" alt=\"\">\r\n\t\t\t\t\t<\/div>\r\n\t\t\t\t\t\t\t<\/div>\r\n\t\t\t<div class=\"col-xl-6\">\r\n\t\t\t\t<div class=\"service-details__benefits-right\">\r\n\t\t\t\t\t\t\t\t\t\t\t<h3 class=\"service-details__benefits-title\">Onze belangrijkste voordelen<\/h3>\r\n\t\t\t\t\t\t\t\t\t\t\t\t\t\t\t\t<p class=\"service-betails__benefits-text-1\">Optimaliseer uw gebouw met hoogwaardige, op maat gemaakte oplossingen.<\/p>\r\n\t\t\t\t\t\t\t\t\t\t\t\t\t\t\t\t<ul class=\"list-unstyled service-details__benefits-points ml-0\">\r\n\t\t\t\t\t\t\t\t\t\t\t\t\t\t\t<li>\r\n\t\t\t\t\t\t\t\t\t<div class=\"icon icon-svg\">\r\n\t\t\t\t\t\t\t\t\t\t<i aria-hidden=\"true\" class=\"fa fa-check\"><\/i>\t\t\t\t\t\t\t\t\t<\/div>\r\n\t\t\t\t\t\t\t\t\t<div class=\"text\">\r\n\t\t\t\t\t\t\t\t\t\t<p>Allemaal bijzondere technieken<\/p>\r\n\t\t\t\t\t\t\t\t\t<\/div>\r\n\t\t\t\t\t\t\t\t<\/li>\r\n\t\t\t\t\t\t\t\t\t\t\t\t\t\t\t<li>\r\n\t\t\t\t\t\t\t\t\t<div class=\"icon icon-svg\">\r\n\t\t\t\t\t\t\t\t\t\t<i aria-hidden=\"true\" class=\"fa fa-check\"><\/i>\t\t\t\t\t\t\t\t\t<\/div>\r\n\t\t\t\t\t\t\t\t\t<div class=\"text\">\r\n\t\t\t\t\t\t\t\t\t\t<p>Maatbepaling\n<\/p>\r\n\t\t\t\t\t\t\t\t\t<\/div>\r\n\t\t\t\t\t\t\t\t<\/li>\r\n\t\t\t\t\t\t\t\t\t\t\t\t\t\t\t<li>\r\n\t\t\t\t\t\t\t\t\t<div class=\"icon icon-svg\">\r\n\t\t\t\t\t\t\t\t\t\t<i aria-hidden=\"true\" class=\"fa fa-check\"><\/i>\t\t\t\t\t\t\t\t\t<\/div>\r\n\t\t\t\t\t\t\t\t\t<div class=\"text\">\r\n\t\t\t\t\t\t\t\t\t\t<p>Persoonlijk advies\n\n<\/p>\r\n\t\t\t\t\t\t\t\t\t<\/div>\r\n\t\t\t\t\t\t\t\t<\/li>\r\n\t\t\t\t\t\t\t\t\t\t\t\t\t\t\t<li>\r\n\t\t\t\t\t\t\t\t\t<div class=\"icon icon-svg\">\r\n\t\t\t\t\t\t\t\t\t\t<i aria-hidden=\"true\" class=\"fa fa-check\"><\/i>\t\t\t\t\t\t\t\t\t<\/div>\r\n\t\t\t\t\t\t\t\t\t<div class=\"text\">\r\n\t\t\t\t\t\t\t\t\t\t<p>Installatie op maat\n<\/p>\r\n\t\t\t\t\t\t\t\t\t<\/div>\r\n\t\t\t\t\t\t\t\t<\/li>\r\n\t\t\t\t\t\t\t\t\t\t\t\t\t\t\t<li>\r\n\t\t\t\t\t\t\t\t\t<div class=\"icon icon-svg\">\r\n\t\t\t\t\t\t\t\t\t\t<i aria-hidden=\"true\" class=\"fa fa-check\"><\/i>\t\t\t\t\t\t\t\t\t<\/div>\r\n\t\t\t\t\t\t\t\t\t<div class=\"text\">\r\n\t\t\t\t\t\t\t\t\t\t<p>Professionele ondersteuning<\/p>\r\n\t\t\t\t\t\t\t\t\t<\/div>\r\n\t\t\t\t\t\t\t\t<\/li>\r\n\t\t\t\t\t\t\t\t\t\t\t\t\t<\/ul>\r\n\t\t\t\t\t\t\t\t\t<\/div>\r\n\t\t\t<\/div>\r\n\t\t<\/div>\r\n\t<\/div>\r\n\t\t\t\t<\/div>\n\t\t\t\t<\/div>\n\t\t\t\t<div class=\"elementor-element elementor-element-db7d4fd elementor-widget elementor-widget-brote-faq\" data-id=\"db7d4fd\" data-element_type=\"widget\" data-e-type=\"widget\" data-widget_type=\"brote-faq.default\">\n\t\t\t\t<div class=\"elementor-widget-container\">\n\t\t\t\t\t\r\n\t<div class=\"accrodion-grp faq-one-accrodion\" data-grp-name=\"faq-one-accrodion\">\r\n\t\t\t\t\t<div class=\"accrodion active\">\r\n\t\t\t\t<div class=\"accrodion-title\">\r\n\t\t\t\t\t<h4>Waarom zou u uw energiebesparende renovatie aan SG Solutions toevertrouwen?<\/h4>\r\n\t\t\t\t<\/div>\r\n\t\t\t\t<div class=\"accrodion-content\">\r\n\t\t\t\t\t<div class=\"inner\">\r\n\t\t\t\t\t\t<p>Wij ondersteunen u in elke fase: projectanalyse, selectie van geschikte oplossingen, installatie en nazorg. E\u00e9n aanspreekpunt co\u00f6rdineert alle aspecten voor een effici\u00ebnt en betrouwbaar project.\n<\/p>\r\n\t\t\t\t\t<\/div><!-- \/.inner -->\r\n\t\t\t\t<\/div>\r\n\t\t\t<\/div>\r\n\t\t\t\t\t<div class=\"accrodion\">\r\n\t\t\t\t<div class=\"accrodion-title\">\r\n\t\t\t\t\t<h4>Welke soorten werkzaamheden vallen onder een energiebesparende renovatie?<\/h4>\r\n\t\t\t\t<\/div>\r\n\t\t\t\t<div class=\"accrodion-content\">\r\n\t\t\t\t\t<div class=\"inner\">\r\n\t\t\t\t\t\t<p>Wij werken aan verwarming, ventilatie, airconditioning, zonnepanelen, thermodynamische boilers en vloerverwarming om de energieprestaties van uw gebouw te optimaliseren.\n<\/p>\r\n\t\t\t\t\t<\/div><!-- \/.inner -->\r\n\t\t\t\t<\/div>\r\n\t\t\t<\/div>\r\n\t\t\t\t\t<div class=\"accrodion\">\r\n\t\t\t\t<div class=\"accrodion-title\">\r\n\t\t\t\t\t<h4>Hoe garandeert SG Solutions de effectiviteit van de installatie?<\/h4>\r\n\t\t\t\t<\/div>\r\n\t\t\t\t<div class=\"accrodion-content\">\r\n\t\t\t\t\t<div class=\"inner\">\r\n\t\t\t\t\t\t<p>Onze experts voeren een dimensioneringsstudie uit, selecteren de juiste apparaten en zorgen voor een installatie op maat, met professionele nazorg voor duurzame en effici\u00ebnte resultaten.<\/p>\r\n\t\t\t\t\t<\/div><!-- \/.inner -->\r\n\t\t\t\t<\/div>\r\n\t\t\t<\/div>\r\n\t\t\t<\/div>\r\n\r\n\t\t\t\t<\/div>\n\t\t\t\t<\/div>\n\t\t\t\t\t<\/div>\n\t\t<\/div>\n\t\t\t\t\t<\/div>\n\t\t<\/section>\n\t\t\t\t<\/div>","protected":false},"excerpt":{"rendered":"<p>NOS SERVICES Panneaux Photovolta\u00efques #749 (no title) R\u00e9novation Compl\u00e8te Pompe \u00c0 Chaleur #753 (no title) #755 (no title) Solution \u00e9nerg\u00e9tique durable pour votre maison et votre entreprise ASSISTANCE RAPIDE +32 42 77 25 94 Nous contacter R\u00e9novation \u00e9nerg\u00e9tique compl\u00e8te Am\u00e9liorez le confort et l\u2019efficacit\u00e9 \u00e9nerg\u00e9tique de votre maison ou entreprise avec SG Solutions. Nous vous [&hellip;]<\/p>\n","protected":false},"author":1,"featured_media":0,"parent":0,"menu_order":0,"comment_status":"closed","ping_status":"closed","template":"elementor_header_footer","meta":{"_monsterinsights_skip_tracking":false,"_monsterinsights_sitenote_active":false,"_monsterinsights_sitenote_note":"","_monsterinsights_sitenote_category":0,"footnotes":""},"class_list":["post-751","page","type-page","status-publish","hentry"],"aioseo_notices":[],"_links":{"self":[{"href":"https:\/\/sgsolutions.shop\/nl\/wp-json\/wp\/v2\/pages\/751","targetHints":{"allow":["GET"]}}],"collection":[{"href":"https:\/\/sgsolutions.shop\/nl\/wp-json\/wp\/v2\/pages"}],"about":[{"href":"https:\/\/sgsolutions.shop\/nl\/wp-json\/wp\/v2\/types\/page"}],"author":[{"embeddable":true,"href":"https:\/\/sgsolutions.shop\/nl\/wp-json\/wp\/v2\/users\/1"}],"replies":[{"embeddable":true,"href":"https:\/\/sgsolutions.shop\/nl\/wp-json\/wp\/v2\/comments?post=751"}],"version-history":[{"count":37,"href":"https:\/\/sgsolutions.shop\/nl\/wp-json\/wp\/v2\/pages\/751\/revisions"}],"predecessor-version":[{"id":2236,"href":"https:\/\/sgsolutions.shop\/nl\/wp-json\/wp\/v2\/pages\/751\/revisions\/2236"}],"wp:attachment":[{"href":"https:\/\/sgsolutions.shop\/nl\/wp-json\/wp\/v2\/media?parent=751"}],"curies":[{"name":"wp","href":"https:\/\/api.w.org\/{rel}","templated":true}]}}