{"id":747,"date":"2022-06-29T06:53:33","date_gmt":"2022-06-29T06:53:33","guid":{"rendered":"https:\/\/bracketweb.com\/brotewp\/plumbing-service-copy\/"},"modified":"2026-03-10T02:25:16","modified_gmt":"2026-03-10T02:25:16","slug":"pompe-a-chaleur","status":"publish","type":"page","link":"https:\/\/sgsolutions.shop\/nl\/pompe-a-chaleur\/","title":{"rendered":"Warmtepomp"},"content":{"rendered":"<div data-elementor-type=\"wp-page\" data-elementor-id=\"747\" class=\"elementor elementor-747\" data-elementor-post-type=\"page\">\n\t\t\t\t\t\t<section class=\"elementor-section elementor-top-section elementor-element elementor-element-aa15a44 single-service elementor-section-boxed elementor-section-height-default elementor-section-height-default\" data-id=\"aa15a44\" data-element_type=\"section\" data-e-type=\"section\">\n\t\t\t\t\t\t<div class=\"elementor-container elementor-column-gap-default\">\n\t\t\t\t\t<div class=\"elementor-column elementor-col-33 elementor-top-column elementor-element elementor-element-f8ac1d3\" data-id=\"f8ac1d3\" data-element_type=\"column\" data-e-type=\"column\">\n\t\t\t<div class=\"elementor-widget-wrap elementor-element-populated\">\n\t\t\t\t\t\t<div class=\"elementor-element elementor-element-85928d3 elementor-widget elementor-widget-sidebar-nav\" data-id=\"85928d3\" data-element_type=\"widget\" data-e-type=\"widget\" data-widget_type=\"sidebar-nav.default\">\n\t\t\t\t<div class=\"elementor-widget-container\">\n\t\t\t\t\t\r\n    <div class=\"service-details__category\">\r\n                    <h4 class=\"service-details__category-title\">Diensten<\/h4>\r\n                            <ul id=\"menu-service-menu\" class=\"service-details__category-list list-unstyled clearfix ml-0\"><li id=\"menu-item-1233\" class=\"menu-item menu-item-type-post_type menu-item-object-page menu-item-1233\"><a href=\"https:\/\/sgsolutions.shop\/nl\/panneaux-photovoltaique\/\"><span class=\"fa fa-angle-right\"><\/span>Fotovolta\u00efsche panelen<\/a><\/li>\n<li id=\"menu-item-1235\" class=\"menu-item menu-item-type-post_type menu-item-object-page menu-item-1235\"><a href=\"https:\/\/sgsolutions.shop\/nl\/renovation-complete\/\"><span class=\"fa fa-angle-right\"><\/span>Volledige renovatie<\/a><\/li>\n<li id=\"menu-item-1231\" class=\"menu-item menu-item-type-post_type menu-item-object-page menu-item-1231\"><a href=\"https:\/\/sgsolutions.shop\/nl\/pompe-a-chaleur\/\"><span class=\"fa fa-angle-right\"><\/span>Warmtepomp<\/a><\/li>\n<\/ul>        \r\n    <\/div>\r\n\r\n\r\n\r\n\t\t\t\t<\/div>\n\t\t\t\t<\/div>\n\t\t\t\t<div class=\"elementor-element elementor-element-474de1c elementor-widget elementor-widget-footer-sidebar-call-to-action\" data-id=\"474de1c\" data-element_type=\"widget\" data-e-type=\"widget\" data-widget_type=\"footer-sidebar-call-to-action.default\">\n\t\t\t\t<div class=\"elementor-widget-container\">\n\t\t\t\t\t    <div class=\"service-details__need-help\">\r\n        <div class=\"service-details__need-help-bg\" style=\"background-image: url(https:\/\/sgsolutions.shop\/wp-content\/uploads\/2026\/03\/Pompe-a-chaleur.webp)\">\r\n        <\/div>\r\n        <div class=\"service-details__need-help-icon icon-svg-large\">\r\n            <span aria-hidden=\"true\" class=\"icon-phone-call\"><\/span>        <\/div>\r\n                    <h2 class=\"service-details__need-help-title\">Duurzame energieoplossing voor uw huis en bedrijf.<\/h2>\r\n                            <div class=\"service-details__need-help-contact\">\r\n                <p>SNELLE HULP<\/p>\r\n                <a href=\"tel:003242772594\">+32 42 77 25 94<\/a>\r\n            <\/div>\r\n            <\/div>\r\n\r\n\t\t\t\t<\/div>\n\t\t\t\t<\/div>\n\t\t\t\t<div class=\"elementor-element elementor-element-8dbacb6 elementor-widget elementor-widget-brote-button\" data-id=\"8dbacb6\" data-element_type=\"widget\" data-e-type=\"widget\" data-widget_type=\"brote-button.default\">\n\t\t\t\t<div class=\"elementor-widget-container\">\n\t\t\t\t\t    <div class=\"service-details__download\">\r\n        <a href=\"https:\/\/sgsolutions.shop\/nl\/contactez-nous\/\" class=\"thm-btn service-details__btn\">Neem contact met ons op            <i aria-hidden=\"true\" class=\"fa fa-angle-right\"><\/i>        <\/a>\r\n    <\/div>\r\n\t\t\t\t<\/div>\n\t\t\t\t<\/div>\n\t\t\t\t\t<\/div>\n\t\t<\/div>\n\t\t\t\t<div class=\"elementor-column elementor-col-66 elementor-top-column elementor-element elementor-element-5a9f721\" data-id=\"5a9f721\" data-element_type=\"column\" data-e-type=\"column\">\n\t\t\t<div class=\"elementor-widget-wrap elementor-element-populated\">\n\t\t\t\t\t\t<div class=\"elementor-element elementor-element-b381ed5 service-details__img elementor-widget elementor-widget-image\" data-id=\"b381ed5\" data-element_type=\"widget\" data-e-type=\"widget\" data-widget_type=\"image.default\">\n\t\t\t\t\t\t\t\t\t\t\t\t\t\t\t<img fetchpriority=\"high\" decoding=\"async\" width=\"770\" height=\"420\" src=\"https:\/\/sgsolutions.shop\/wp-content\/uploads\/2026\/03\/Pompe-a-chaleur-770x420.webp\" class=\"attachment-post-thumbnail size-post-thumbnail wp-image-2191\" alt=\"\" \/>\t\t\t\t\t\t\t\t\t\t\t\t\t\t\t<\/div>\n\t\t\t\t<div class=\"elementor-element elementor-element-4fab1d6 elementor-widget elementor-widget-heading\" data-id=\"4fab1d6\" data-element_type=\"widget\" data-e-type=\"widget\" data-widget_type=\"heading.default\">\n\t\t\t\t\t<h3 class=\"elementor-heading-title elementor-size-default\">Lucht-lucht- en lucht-water-warmtepompen voor uw huis en bedrijf<\/h3>\t\t\t\t<\/div>\n\t\t\t\t<div class=\"elementor-element elementor-element-507d874 elementor-widget elementor-widget-text-editor\" data-id=\"507d874\" data-element_type=\"widget\" data-e-type=\"widget\" data-widget_type=\"text-editor.default\">\n\t\t\t\t\t\t\t\t\t<p><strong>Profiteer van comfortabele en energiezuinige verwarming dankzij onze moderne warmtepompen. Bij SG Solutions installeren wij lucht-lucht- en lucht-water-systemen die aangepast zijn aan de behoeften van particulieren en bedrijven, zowel voor nieuwbouw als renovatie.<\/strong><\/p><p><strong>Onze gecertificeerde technici beschikken over de nodige expertise om performante installaties te plaatsen die voldoen aan alle normen. Wij voeren een volledige dimensioneringsstudie uit zodat uw systeem het hele jaar door comfort, effici\u00ebntie en energiebesparing garandeert.<\/strong><\/p>\t\t\t\t\t\t\t\t<\/div>\n\t\t\t\t<div class=\"elementor-element elementor-element-d17b6d4 elementor-widget elementor-widget-text-editor\" data-id=\"d17b6d4\" data-element_type=\"widget\" data-e-type=\"widget\" data-widget_type=\"text-editor.default\">\n\t\t\t\t\t\t\t\t\t<p>Lucht-lucht warmtepomp<\/p>\t\t\t\t\t\t\t\t<\/div>\n\t\t\t\t<div class=\"elementor-element elementor-element-dff7be2 elementor-widget elementor-widget-text-editor\" data-id=\"dff7be2\" data-element_type=\"widget\" data-e-type=\"widget\" data-widget_type=\"text-editor.default\">\n\t\t\t\t\t\t\t\t\t<p>Het lucht-lucht systeem bestaat uit een buitenunit die verbonden is met \u00e9\u00e9n of meerdere binnenunits (mono of multisplit). Het systeem haalt lucht van buiten en laat deze door een koelmiddel circuleren dat de temperatuur aanpast voordat de lucht in de ruimtes wordt verspreid. <br \/><br \/>Deze warmtepomp is omkeerbaar: ze verwarmt in de winter en koelt uw ruimtes in de zomer. Ze kan een traditionele ketel vervangen of aanvullen en biedt een milieuvriendelijkere en economischere oplossing, vooral wanneer ze gecombineerd wordt met zonnepanelen.<\/p>\t\t\t\t\t\t\t\t<\/div>\n\t\t\t\t<div class=\"elementor-element elementor-element-a5499d3 elementor-widget elementor-widget-text-editor\" data-id=\"a5499d3\" data-element_type=\"widget\" data-e-type=\"widget\" data-widget_type=\"text-editor.default\">\n\t\t\t\t\t\t\t\t\t<p>Lucht-water warmtepomp<\/p>\t\t\t\t\t\t\t\t<\/div>\n\t\t\t\t<div class=\"elementor-element elementor-element-17fde35 elementor-widget elementor-widget-text-editor\" data-id=\"17fde35\" data-element_type=\"widget\" data-e-type=\"widget\" data-widget_type=\"text-editor.default\">\n\t\t\t\t\t\t\t\t\t<p>Het lucht-water systeem zet de warmte uit de buitenlucht om om water te verwarmen voor uw centrale verwarming, radiatoren, vloerverwarming of ventiloconvectoren. De lucht-water warmtepomp kan uw hoofdverwarmingssysteem worden of gekoppeld worden aan een bestaande ketel voor een hybride installatie. <br \/><br \/>Met een nauwkeurige dimensionering door onze experts garandeert dit systeem aanzienlijke energiebesparingen. Het kan ook gecombineerd worden met zonnepanelen voor een maximale energie-onafhankelijkheid.<\/p>\t\t\t\t\t\t\t\t<\/div>\n\t\t\t\t<div class=\"elementor-element elementor-element-6feff36 elementor-hidden-desktop elementor-hidden-tablet elementor-hidden-mobile elementor-widget elementor-widget-brote-icon-box\" data-id=\"6feff36\" data-element_type=\"widget\" data-e-type=\"widget\" data-widget_type=\"brote-icon-box.default\">\n\t\t\t\t<div class=\"elementor-widget-container\">\n\t\t\t\t\t    <div class=\"service-details__points-box\">\r\n                    <ul class=\"list-unstyled service-details__points ml-0\">\r\n                                    <li>\r\n                        <div class=\"service-details__points-icon icon-svg-large\">\r\n                            <span aria-hidden=\"true\" class=\"icon-household\"><\/span>                        <\/div>\r\n                        <div class=\"service-details__points-content\">\r\n                            <p>Wij bieden moderne en duurzame energieoplossingen om de energieprestaties van woningen en bedrijven te verbeteren.<\/p>\r\n                        <\/div>\r\n                    <\/li>\r\n                                    <li>\r\n                        <div class=\"service-details__points-icon icon-svg-large\">\r\n                            <span aria-hidden=\"true\" class=\"icon-broom\"><\/span>                        <\/div>\r\n                        <div class=\"service-details__points-content\">\r\n                            <p>\nWij bieden moderne en duurzame energieoplossingen om de energieprestaties van woningen en bedrijven te verbeteren.<\/p>\r\n                        <\/div>\r\n                    <\/li>\r\n                            <\/ul>\r\n            <\/div>\r\n\t\t\t\t<\/div>\n\t\t\t\t<\/div>\n\t\t\t\t<div class=\"elementor-element elementor-element-faee07d elementor-widget elementor-widget-brote-our-benefit\" data-id=\"faee07d\" data-element_type=\"widget\" data-e-type=\"widget\" data-widget_type=\"brote-our-benefit.default\">\n\t\t\t\t<div class=\"elementor-widget-container\">\n\t\t\t\t\t\t<div class=\"service-details__benefits\">\r\n\t\t<div class=\"row\">\r\n\t\t\t<div class=\"col-xl-6\">\r\n\t\t\t\t\t\t\t\t\t<div class=\"service-details__benefits-img\">\r\n\t\t\t\t\t\t<img decoding=\"async\" src=\"https:\/\/sgsolutions.shop\/wp-content\/uploads\/2026\/03\/Pompe-a-chaleur-PC5.jpg\" alt=\"\">\r\n\t\t\t\t\t<\/div>\r\n\t\t\t\t\t\t\t<\/div>\r\n\t\t\t<div class=\"col-xl-6\">\r\n\t\t\t\t<div class=\"service-details__benefits-right\">\r\n\t\t\t\t\t\t\t\t\t\t\t<h3 class=\"service-details__benefits-title\">De voordelen van warmtepompen<\/h3>\r\n\t\t\t\t\t\t\t\t\t\t\t\t\t\t\t\t<p class=\"service-betails__benefits-text-1\">Een hoogwaardige, zuinige en ecologische oplossing voor uw comfort en energiebesparing.<\/p>\r\n\t\t\t\t\t\t\t\t\t\t\t\t\t\t\t\t<ul class=\"list-unstyled service-details__benefits-points ml-0\">\r\n\t\t\t\t\t\t\t\t\t\t\t\t\t\t\t<li>\r\n\t\t\t\t\t\t\t\t\t<div class=\"icon icon-svg\">\r\n\t\t\t\t\t\t\t\t\t\t<i aria-hidden=\"true\" class=\"fa fa-check\"><\/i>\t\t\t\t\t\t\t\t\t<\/div>\r\n\t\t\t\t\t\t\t\t\t<div class=\"text\">\r\n\t\t\t\t\t\t\t\t\t\t<p>Energiekosten verlagen\n<\/p>\r\n\t\t\t\t\t\t\t\t\t<\/div>\r\n\t\t\t\t\t\t\t\t<\/li>\r\n\t\t\t\t\t\t\t\t\t\t\t\t\t\t\t<li>\r\n\t\t\t\t\t\t\t\t\t<div class=\"icon icon-svg\">\r\n\t\t\t\t\t\t\t\t\t\t<i aria-hidden=\"true\" class=\"fa fa-check\"><\/i>\t\t\t\t\t\t\t\t\t<\/div>\r\n\t\t\t\t\t\t\t\t\t<div class=\"text\">\r\n\t\t\t\t\t\t\t\t\t\t<p>Ecologische oplossing\n<\/p>\r\n\t\t\t\t\t\t\t\t\t<\/div>\r\n\t\t\t\t\t\t\t\t<\/li>\r\n\t\t\t\t\t\t\t\t\t\t\t\t\t\t\t<li>\r\n\t\t\t\t\t\t\t\t\t<div class=\"icon icon-svg\">\r\n\t\t\t\t\t\t\t\t\t\t<i aria-hidden=\"true\" class=\"fa fa-check\"><\/i>\t\t\t\t\t\t\t\t\t<\/div>\r\n\t\t\t\t\t\t\t\t\t<div class=\"text\">\r\n\t\t\t\t\t\t\t\t\t\t<p>Comfort het hele jaar door\n\n\n<\/p>\r\n\t\t\t\t\t\t\t\t\t<\/div>\r\n\t\t\t\t\t\t\t\t<\/li>\r\n\t\t\t\t\t\t\t\t\t\t\t\t\t\t\t<li>\r\n\t\t\t\t\t\t\t\t\t<div class=\"icon icon-svg\">\r\n\t\t\t\t\t\t\t\t\t\t<i aria-hidden=\"true\" class=\"fa fa-check\"><\/i>\t\t\t\t\t\t\t\t\t<\/div>\r\n\t\t\t\t\t\t\t\t\t<div class=\"text\">\r\n\t\t\t\t\t\t\t\t\t\t<p>Veelzijdigheid en aanpassingsvermogen\n\n\n<\/p>\r\n\t\t\t\t\t\t\t\t\t<\/div>\r\n\t\t\t\t\t\t\t\t<\/li>\r\n\t\t\t\t\t\t\t\t\t\t\t\t\t\t\t<li>\r\n\t\t\t\t\t\t\t\t\t<div class=\"icon icon-svg\">\r\n\t\t\t\t\t\t\t\t\t\t<i aria-hidden=\"true\" class=\"fa fa-check\"><\/i>\t\t\t\t\t\t\t\t\t<\/div>\r\n\t\t\t\t\t\t\t\t\t<div class=\"text\">\r\n\t\t\t\t\t\t\t\t\t\t<p>Compatibiliteit met zonnepanelen\n\n\n<\/p>\r\n\t\t\t\t\t\t\t\t\t<\/div>\r\n\t\t\t\t\t\t\t\t<\/li>\r\n\t\t\t\t\t\t\t\t\t\t\t\t\t<\/ul>\r\n\t\t\t\t\t\t\t\t\t<\/div>\r\n\t\t\t<\/div>\r\n\t\t<\/div>\r\n\t<\/div>\r\n\t\t\t\t<\/div>\n\t\t\t\t<\/div>\n\t\t\t\t<div class=\"elementor-element elementor-element-db7d4fd elementor-widget elementor-widget-brote-faq\" data-id=\"db7d4fd\" data-element_type=\"widget\" data-e-type=\"widget\" data-widget_type=\"brote-faq.default\">\n\t\t\t\t<div class=\"elementor-widget-container\">\n\t\t\t\t\t\r\n\t<div class=\"accrodion-grp faq-one-accrodion\" data-grp-name=\"faq-one-accrodion\">\r\n\t\t\t\t\t<div class=\"accrodion active\">\r\n\t\t\t\t<div class=\"accrodion-title\">\r\n\t\t\t\t\t<h4>Kan een warmtepomp een cv-ketel vervangen?<\/h4>\r\n\t\t\t\t<\/div>\r\n\t\t\t\t<div class=\"accrodion-content\">\r\n\t\t\t\t\t<div class=\"inner\">\r\n\t\t\t\t\t\t<p>Ja! Warmtepompen kunnen een gas- of stookolieketel vervangen. Ze worden beschouwd als een duurzame oplossing en zorgen voor aanzienlijke energiebesparingen. Onze experts voeren een grondige analyse uit om het systeem te installeren dat het beste bij uw gebouw en uw behoeften past.<\/p>\r\n\t\t\t\t\t<\/div><!-- \/.inner -->\r\n\t\t\t\t<\/div>\r\n\t\t\t<\/div>\r\n\t\t\t\t\t<div class=\"accrodion\">\r\n\t\t\t\t<div class=\"accrodion-title\">\r\n\t\t\t\t\t<h4>Wanneer kies je voor een lucht-luchtwarmtepomp?<\/h4>\r\n\t\t\t\t<\/div>\r\n\t\t\t\t<div class=\"accrodion-content\">\r\n\t\t\t\t\t<div class=\"inner\">\r\n\t\t\t\t\t\t<p>Een lucht-lucht-warmtepomp is ideaal om \u00e9\u00e9n of meerdere specifieke ruimtes te verwarmen. Hij kan in de zomer ook voor koeling zorgen en kan worden gecombineerd met een bestaand systeem, zoals een cv-ketel of een thermodynamische boiler voor warm water.<\/p>\r\n\t\t\t\t\t<\/div><!-- \/.inner -->\r\n\t\t\t\t<\/div>\r\n\t\t\t<\/div>\r\n\t\t\t\t\t<div class=\"accrodion\">\r\n\t\t\t\t<div class=\"accrodion-title\">\r\n\t\t\t\t\t<h4>Wanneer kies je voor een lucht-water-warmtepomp?<\/h4>\r\n\t\t\t\t<\/div>\r\n\t\t\t\t<div class=\"accrodion-content\">\r\n\t\t\t\t\t<div class=\"inner\">\r\n\t\t\t\t\t\t<p>De lucht-water-warmtepomp is een compleet verwarmingssysteem dat centrale verwarming, vloerverwarming, radiatoren of ventilatorconvectoren kan voeden. Het systeem kan ook sanitair warm water leveren en worden gekoppeld aan een zonne-installatie voor meer zelfvoorziening.<\/p>\r\n\t\t\t\t\t<\/div><!-- \/.inner -->\r\n\t\t\t\t<\/div>\r\n\t\t\t<\/div>\r\n\t\t\t\t\t<div class=\"accrodion\">\r\n\t\t\t\t<div class=\"accrodion-title\">\r\n\t\t\t\t\t<h4>Hoe begeleidt SG Solutions de installatie?<\/h4>\r\n\t\t\t\t<\/div>\r\n\t\t\t\t<div class=\"accrodion-content\">\r\n\t\t\t\t\t<div class=\"inner\">\r\n\t\t\t\t\t\t<p>Onze gecertificeerde technici begeleiden u bij elke stap: dimensioneringsstudie, installatie, aansluitingen en nazorg. Wij zorgen ervoor dat uw warmtepomp effici\u00ebnt en duurzaam is en perfect is afgestemd op uw woning of bedrijf.<\/p>\r\n\t\t\t\t\t<\/div><!-- \/.inner -->\r\n\t\t\t\t<\/div>\r\n\t\t\t<\/div>\r\n\t\t\t<\/div>\r\n\r\n\t\t\t\t<\/div>\n\t\t\t\t<\/div>\n\t\t\t\t\t<\/div>\n\t\t<\/div>\n\t\t\t\t\t<\/div>\n\t\t<\/section>\n\t\t\t\t<\/div>","protected":false},"excerpt":{"rendered":"<p>Services Panneaux Photovolta\u00efques #749 (no title) R\u00e9novation Compl\u00e8te Pompe \u00c0 Chaleur #753 (no title) #755 (no title) Solution \u00e9nerg\u00e9tique durable pour votre maison et votre entreprise ASSISTANCE RAPIDE +32 42 77 25 94 Nous contacter Pompes \u00e0 chaleur air-air et air-eau pour votre maison et entreprise Profitez d\u2019une chaleur confortable et \u00e9conomique gr\u00e2ce \u00e0 nos [&hellip;]<\/p>\n","protected":false},"author":1,"featured_media":0,"parent":0,"menu_order":0,"comment_status":"closed","ping_status":"closed","template":"elementor_header_footer","meta":{"_monsterinsights_skip_tracking":false,"_monsterinsights_sitenote_active":false,"_monsterinsights_sitenote_note":"","_monsterinsights_sitenote_category":0,"footnotes":""},"class_list":["post-747","page","type-page","status-publish","hentry"],"aioseo_notices":[],"_links":{"self":[{"href":"https:\/\/sgsolutions.shop\/nl\/wp-json\/wp\/v2\/pages\/747","targetHints":{"allow":["GET"]}}],"collection":[{"href":"https:\/\/sgsolutions.shop\/nl\/wp-json\/wp\/v2\/pages"}],"about":[{"href":"https:\/\/sgsolutions.shop\/nl\/wp-json\/wp\/v2\/types\/page"}],"author":[{"embeddable":true,"href":"https:\/\/sgsolutions.shop\/nl\/wp-json\/wp\/v2\/users\/1"}],"replies":[{"embeddable":true,"href":"https:\/\/sgsolutions.shop\/nl\/wp-json\/wp\/v2\/comments?post=747"}],"version-history":[{"count":40,"href":"https:\/\/sgsolutions.shop\/nl\/wp-json\/wp\/v2\/pages\/747\/revisions"}],"predecessor-version":[{"id":2230,"href":"https:\/\/sgsolutions.shop\/nl\/wp-json\/wp\/v2\/pages\/747\/revisions\/2230"}],"wp:attachment":[{"href":"https:\/\/sgsolutions.shop\/nl\/wp-json\/wp\/v2\/media?parent=747"}],"curies":[{"name":"wp","href":"https:\/\/api.w.org\/{rel}","templated":true}]}}