{"id":496,"date":"2022-06-29T00:40:01","date_gmt":"2022-06-29T00:40:01","guid":{"rendered":"https:\/\/bracketweb.com\/brotewp\/?page_id=496"},"modified":"2026-03-10T02:38:44","modified_gmt":"2026-03-10T02:38:44","slug":"faq","status":"publish","type":"page","link":"https:\/\/sgsolutions.shop\/nl\/faq\/","title":{"rendered":"Veelgestelde vragen"},"content":{"rendered":"<div data-elementor-type=\"wp-page\" data-elementor-id=\"496\" class=\"elementor elementor-496\" data-elementor-post-type=\"page\">\n\t\t\t\t\t\t<section class=\"elementor-section elementor-top-section elementor-element elementor-element-802d866 elementor-section-boxed elementor-section-height-default elementor-section-height-default\" data-id=\"802d866\" data-element_type=\"section\" data-e-type=\"section\">\n\t\t\t\t\t\t<div class=\"elementor-container elementor-column-gap-default\">\n\t\t\t\t\t<div class=\"elementor-column elementor-col-66 elementor-top-column elementor-element elementor-element-d60c482\" data-id=\"d60c482\" data-element_type=\"column\" data-e-type=\"column\">\n\t\t\t<div class=\"elementor-widget-wrap elementor-element-populated\">\n\t\t\t\t\t\t<div class=\"elementor-element elementor-element-e9c6e68 elementor-widget elementor-widget-brote-faq\" data-id=\"e9c6e68\" data-element_type=\"widget\" data-e-type=\"widget\" data-widget_type=\"brote-faq.default\">\n\t\t\t\t<div class=\"elementor-widget-container\">\n\t\t\t\t\t\r\n\t<div class=\"accrodion-grp faq-one-accrodion\" data-grp-name=\"faq-one-accrodion\">\r\n\t\t\t\t\t<div class=\"accrodion active\">\r\n\t\t\t\t<div class=\"accrodion-title\">\r\n\t\t\t\t\t<h4>Welke diensten biedt SG Solutions aan?<\/h4>\r\n\t\t\t\t<\/div>\r\n\t\t\t\t<div class=\"accrodion-content\">\r\n\t\t\t\t\t<div class=\"inner\">\r\n\t\t\t\t\t\t<p>SG Solutions biedt milieuvriendelijke en energiezuinige oplossingen voor huishoudens en bedrijven, waaronder hoogwaardige isolatie, energiezuinige verlichting, moderne elektrische installaties, energieoptimalisatie van gebouwen en op maat gemaakte energiecontracten.<\/p>\r\n\t\t\t\t\t<\/div><!-- \/.inner -->\r\n\t\t\t\t<\/div>\r\n\t\t\t<\/div>\r\n\t\t\t\t\t<div class=\"accrodion\">\r\n\t\t\t\t<div class=\"accrodion-title\">\r\n\t\t\t\t\t<h4>Hoe weet ik welke oplossingen bij mijn behoeften passen?<\/h4>\r\n\t\t\t\t<\/div>\r\n\t\t\t\t<div class=\"accrodion-content\">\r\n\t\t\t\t\t<div class=\"inner\">\r\n\t\t\t\t\t\t<p>Ons team analyseert uw energieprofiel en uw specifieke behoeften. Vervolgens stellen we u oplossingen op maat voor om uw energieprestaties te verbeteren en uw kosten te verlagen.<\/p>\r\n\t\t\t\t\t<\/div><!-- \/.inner -->\r\n\t\t\t\t<\/div>\r\n\t\t\t<\/div>\r\n\t\t\t\t\t<div class=\"accrodion\">\r\n\t\t\t\t<div class=\"accrodion-title\">\r\n\t\t\t\t\t<h4>Werkt SG Solutions met particulieren of bedrijven?<\/h4>\r\n\t\t\t\t<\/div>\r\n\t\t\t\t<div class=\"accrodion-content\">\r\n\t\t\t\t\t<div class=\"inner\">\r\n\t\t\t\t\t\t<p>Wij begeleiden zowel particulieren als bedrijven. Onze oplossingen zijn geschikt voor woningen, bedrijfsruimten en commerci\u00eble gebouwen.\n<\/p>\r\n\t\t\t\t\t<\/div><!-- \/.inner -->\r\n\t\t\t\t<\/div>\r\n\t\t\t<\/div>\r\n\t\t\t\t\t<div class=\"accrodion\">\r\n\t\t\t\t<div class=\"accrodion-title\">\r\n\t\t\t\t\t<h4>Zijn de aangeboden producten van goede kwaliteit?<\/h4>\r\n\t\t\t\t<\/div>\r\n\t\t\t\t<div class=\"accrodion-content\">\r\n\t\t\t\t\t<div class=\"inner\">\r\n\t\t\t\t\t\t<p>Ja. Al onze producten en apparatuur zijn geselecteerd uit merken die bekend staan om hun betrouwbaarheid, duurzaamheid en energiezuinigheid.<\/p>\r\n\t\t\t\t\t<\/div><!-- \/.inner -->\r\n\t\t\t\t<\/div>\r\n\t\t\t<\/div>\r\n\t\t\t\t\t<div class=\"accrodion\">\r\n\t\t\t\t<div class=\"accrodion-title\">\r\n\t\t\t\t\t<h4>Biedt u ondersteuning aan na de installatie?<\/h4>\r\n\t\t\t\t<\/div>\r\n\t\t\t\t<div class=\"accrodion-content\">\r\n\t\t\t\t\t<div class=\"inner\">\r\n\t\t\t\t\t\t<p>Ja. Onze klantenservice zorgt voor een professionele begeleiding v\u00f3\u00f3r, tijdens en na de implementatie van de oplossingen om de tevredenheid en de duurzame prestaties van onze diensten te garanderen.<\/p>\r\n\t\t\t\t\t<\/div><!-- \/.inner -->\r\n\t\t\t\t<\/div>\r\n\t\t\t<\/div>\r\n\t\t\t<\/div>\r\n\r\n\t\t\t\t<\/div>\n\t\t\t\t<\/div>\n\t\t\t\t\t<\/div>\n\t\t<\/div>\n\t\t\t\t<div class=\"elementor-column elementor-col-33 elementor-top-column elementor-element elementor-element-a98d61f\" data-id=\"a98d61f\" data-element_type=\"column\" data-e-type=\"column\">\n\t\t\t<div class=\"elementor-widget-wrap elementor-element-populated\">\n\t\t\t\t\t\t<div class=\"elementor-element elementor-element-6dd28b0 elementor-widget elementor-widget-footer-sidebar-call-to-action\" data-id=\"6dd28b0\" data-element_type=\"widget\" data-e-type=\"widget\" data-widget_type=\"footer-sidebar-call-to-action.default\">\n\t\t\t\t<div class=\"elementor-widget-container\">\n\t\t\t\t\t    <div class=\"service-details__need-help\">\r\n        <div class=\"service-details__need-help-bg\" style=\"background-image: url(https:\/\/sgsolutions.shop\/wp-content\/uploads\/2026\/03\/Renovation-PIC3.jpg)\">\r\n        <\/div>\r\n        <div class=\"service-details__need-help-icon icon-svg-large\">\r\n            <span aria-hidden=\"true\" class=\"icon-phone-call\"><\/span>        <\/div>\r\n                    <h2 class=\"service-details__need-help-title\">Uw hulp <br>thuis <br> \n                                 <\/h2>\r\n                            <div class=\"service-details__need-help-contact\">\r\n                <p>Neem contact met ons op<\/p>\r\n                <a href=\"tel:003242772594\">+32 42 77 25 94<\/a>\r\n            <\/div>\r\n            <\/div>\r\n\r\n\t\t\t\t<\/div>\n\t\t\t\t<\/div>\n\t\t\t\t<div class=\"elementor-element elementor-element-44d805d elementor-widget elementor-widget-brote-button\" data-id=\"44d805d\" data-element_type=\"widget\" data-e-type=\"widget\" data-widget_type=\"brote-button.default\">\n\t\t\t\t<div class=\"elementor-widget-container\">\n\t\t\t\t\t    <div class=\"service-details__download\">\r\n        <a href=\"https:\/\/sgsolutions.shop\/nl\/panneaux-photovoltaique\/\" class=\"thm-btn service-details__btn\">Ontdek onze oplossingen            <i aria-hidden=\"true\" class=\"fa fa-angle-right\"><\/i>        <\/a>\r\n    <\/div>\r\n\t\t\t\t<\/div>\n\t\t\t\t<\/div>\n\t\t\t\t\t<\/div>\n\t\t<\/div>\n\t\t\t\t\t<\/div>\n\t\t<\/section>\n\t\t<div class=\"elementor-element elementor-element-ac2c6e0 e-flex e-con-boxed e-con e-parent\" data-id=\"ac2c6e0\" data-element_type=\"container\" data-e-type=\"container\">\n\t\t\t\t\t<div class=\"e-con-inner\">\n\t\t\t\t<div class=\"elementor-element elementor-element-14a97c5 elementor-widget elementor-widget-spacer\" data-id=\"14a97c5\" data-element_type=\"widget\" data-e-type=\"widget\" data-widget_type=\"spacer.default\">\n\t\t\t\t\t\t\t<div class=\"elementor-spacer\">\n\t\t\t<div class=\"elementor-spacer-inner\"><\/div>\n\t\t<\/div>\n\t\t\t\t\t\t<\/div>\n\t\t\t\t\t<\/div>\n\t\t\t\t<\/div>\n\t\t\t\t<\/div>","protected":false},"excerpt":{"rendered":"<p>Quels services propose SG Solutions ? SG Solutions propose des solutions \u00e9cologiques et \u00e9nerg\u00e9tiques pour les m\u00e9nages et les entreprises, notamment l\u2019isolation performante, l\u2019\u00e9clairage basse consommation, les installations \u00e9lectriques modernes, l\u2019optimisation \u00e9nerg\u00e9tique des b\u00e2timents et des contrats d\u2019\u00e9nergie adapt\u00e9s. Comment savoir quelles solutions sont adapt\u00e9es \u00e0 mes besoins ? Notre \u00e9quipe analyse votre profil \u00e9nerg\u00e9tique [&hellip;]<\/p>\n","protected":false},"author":1,"featured_media":0,"parent":0,"menu_order":0,"comment_status":"closed","ping_status":"closed","template":"elementor_header_footer","meta":{"_monsterinsights_skip_tracking":false,"_monsterinsights_sitenote_active":false,"_monsterinsights_sitenote_note":"","_monsterinsights_sitenote_category":0,"footnotes":""},"class_list":["post-496","page","type-page","status-publish","hentry"],"aioseo_notices":[],"_links":{"self":[{"href":"https:\/\/sgsolutions.shop\/nl\/wp-json\/wp\/v2\/pages\/496","targetHints":{"allow":["GET"]}}],"collection":[{"href":"https:\/\/sgsolutions.shop\/nl\/wp-json\/wp\/v2\/pages"}],"about":[{"href":"https:\/\/sgsolutions.shop\/nl\/wp-json\/wp\/v2\/types\/page"}],"author":[{"embeddable":true,"href":"https:\/\/sgsolutions.shop\/nl\/wp-json\/wp\/v2\/users\/1"}],"replies":[{"embeddable":true,"href":"https:\/\/sgsolutions.shop\/nl\/wp-json\/wp\/v2\/comments?post=496"}],"version-history":[{"count":27,"href":"https:\/\/sgsolutions.shop\/nl\/wp-json\/wp\/v2\/pages\/496\/revisions"}],"predecessor-version":[{"id":2268,"href":"https:\/\/sgsolutions.shop\/nl\/wp-json\/wp\/v2\/pages\/496\/revisions\/2268"}],"wp:attachment":[{"href":"https:\/\/sgsolutions.shop\/nl\/wp-json\/wp\/v2\/media?parent=496"}],"curies":[{"name":"wp","href":"https:\/\/api.w.org\/{rel}","templated":true}]}}