{"id":3,"date":"2026-02-14T22:40:38","date_gmt":"2026-02-14T22:40:38","guid":{"rendered":"https:\/\/sgsolutions.shop\/?page_id=3"},"modified":"2026-03-10T02:52:18","modified_gmt":"2026-03-10T02:52:18","slug":"politique-de-confidentialite","status":"publish","type":"page","link":"https:\/\/sgsolutions.shop\/nl\/politique-de-confidentialite\/","title":{"rendered":"Privacybeleid"},"content":{"rendered":"\t\t<div data-elementor-type=\"wp-page\" data-elementor-id=\"3\" class=\"elementor elementor-3\" data-elementor-post-type=\"page\">\n\t\t\t\t<div class=\"elementor-element elementor-element-4f08c97e e-flex e-con-boxed e-con e-parent\" data-id=\"4f08c97e\" data-element_type=\"container\" data-e-type=\"container\">\n\t\t\t\t\t<div class=\"e-con-inner\">\n\t\t\t\t<div class=\"elementor-element elementor-element-89bea5a elementor-widget elementor-widget-spacer\" data-id=\"89bea5a\" data-element_type=\"widget\" data-e-type=\"widget\" data-widget_type=\"spacer.default\">\n\t\t\t\t\t\t\t<div class=\"elementor-spacer\">\n\t\t\t<div class=\"elementor-spacer-inner\"><\/div>\n\t\t<\/div>\n\t\t\t\t\t\t<\/div>\n\t\t\t\t<div class=\"elementor-element elementor-element-389c294c elementor-widget elementor-widget-text-editor\" data-id=\"389c294c\" data-element_type=\"widget\" data-e-type=\"widget\" data-widget_type=\"text-editor.default\">\n\t\t\t\t\t\t\t\t\t\n<h2 class=\"wp-block-heading\" data-section-id=\"1gzszfu\" data-start=\"125\" data-end=\"174\"><strong data-start=\"127\" data-end=\"174\">Politique de confidentialit\u00e9 \u2013 SG Solutions<\/strong><\/h2>\n<p data-start=\"176\" data-end=\"426\">SG Solutions traite les donn\u00e9es personnelles conform\u00e9ment \u00e0 la pr\u00e9sente politique de confidentialit\u00e9. Pour toute question ou information compl\u00e9mentaire concernant vos donn\u00e9es, vous pouvez nous contacter \u00e0 l\u2019adresse suivante : <strong data-start=\"402\" data-end=\"425\"><a data-start=\"404\" data-end=\"423\" class=\"decorated-link cursor-pointer\" rel=\"noopener\">info@sgsolutions.be<span aria-hidden=\"true\" class=\"ms-0.5 inline-block align-middle leading-none\"><svg xmlns=\"http:\/\/www.w3.org\/2000\/svg\" width=\"20\" height=\"20\" aria-hidden=\"true\" data-rtl-flip=\"\" class=\"block h-[0.75em] w-[0.75em] stroke-current stroke-[0.75]\"><use href=\"\/cdn\/assets\/sprites-core-ni7q5mnh.svg#304883\" fill=\"currentColor\"><\/use><\/svg><\/span><\/a><\/strong>.<\/p>\n<hr data-start=\"428\" data-end=\"431\" \/>\n<h2 data-section-id=\"awemcy\" data-start=\"433\" data-end=\"463\"><strong data-start=\"436\" data-end=\"463\"><br \/>Finalit\u00e9s du traitement<\/strong><\/h2>\n<p data-start=\"465\" data-end=\"532\">SG Solutions collecte et utilise vos donn\u00e9es personnelles afin de :<\/p>\n<ul data-start=\"534\" data-end=\"848\">\n<li data-section-id=\"nciexe\" data-start=\"534\" data-end=\"640\">\n<p data-start=\"536\" data-end=\"640\">G\u00e9rer la relation client (administration des clients, suivi des demandes et des services, facturation)<\/p>\n<\/li>\n<li data-section-id=\"1nw8dz3\" data-start=\"641\" data-end=\"695\">\n<p data-start=\"643\" data-end=\"695\">Assurer la gestion des paiements et la solvabilit\u00e9<\/p>\n<\/li>\n<li data-section-id=\"zofov8\" data-start=\"696\" data-end=\"752\">\n<p data-start=\"698\" data-end=\"752\">Adapter nos services et communications \u00e0 vos besoins<\/p>\n<\/li>\n<li data-section-id=\"1w7hhx7\" data-start=\"753\" data-end=\"848\">\n<p data-start=\"755\" data-end=\"848\">Envoyer des informations marketing ou publicitaires personnalis\u00e9es, si vous y avez consenti<\/p>\n<\/li>\n<\/ul>\n<hr data-start=\"850\" data-end=\"853\" \/>\n<h2 data-section-id=\"yry4jq\" data-start=\"855\" data-end=\"887\"><strong data-start=\"858\" data-end=\"887\"><br \/>Base l\u00e9gale du traitement<\/strong><\/h2>\n<p data-start=\"889\" data-end=\"942\">Le traitement des donn\u00e9es personnelles est bas\u00e9 sur :<\/p>\n<ul data-start=\"944\" data-end=\"1166\">\n<li data-section-id=\"1wbvgjv\" data-start=\"944\" data-end=\"970\">\n<p data-start=\"946\" data-end=\"970\">Votre <strong data-start=\"952\" data-end=\"968\">consentement<\/strong><\/p>\n<\/li>\n<li data-section-id=\"xpyhkg\" data-start=\"971\" data-end=\"1026\">\n<p data-start=\"973\" data-end=\"1026\">L\u2019<strong data-start=\"975\" data-end=\"1001\">ex\u00e9cution d\u2019un contrat<\/strong> (services ou demandes)<\/p>\n<\/li>\n<li data-section-id=\"uw1snw\" data-start=\"1027\" data-end=\"1069\">\n<p data-start=\"1029\" data-end=\"1069\">Le <strong data-start=\"1032\" data-end=\"1067\">respect d\u2019une obligation l\u00e9gale<\/strong><\/p>\n<\/li>\n<li data-section-id=\"svzmtv\" data-start=\"1070\" data-end=\"1166\">\n<p data-start=\"1072\" data-end=\"1166\">Les <strong data-start=\"1076\" data-end=\"1098\">int\u00e9r\u00eats l\u00e9gitimes<\/strong> de SG Solutions pour la gestion et l\u2019am\u00e9lioration de ses services<\/p>\n<\/li>\n<\/ul>\n<p data-start=\"1168\" data-end=\"1261\">Vous pouvez retirer votre consentement \u00e0 tout moment pour les traitements bas\u00e9s sur celui-ci.<\/p>\n<hr data-start=\"1263\" data-end=\"1266\" \/>\n<h2 data-section-id=\"1h6cd01\" data-start=\"1268\" data-end=\"1296\"><strong data-start=\"1271\" data-end=\"1296\"><br \/>Transfert \u00e0 des tiers<\/strong><\/h2>\n<p data-start=\"1298\" data-end=\"1354\">Si n\u00e9cessaire, vos donn\u00e9es peuvent \u00eatre partag\u00e9es avec :<\/p>\n<ul data-start=\"1356\" data-end=\"1508\">\n<li data-section-id=\"hsappa\" data-start=\"1356\" data-end=\"1434\">\n<p data-start=\"1358\" data-end=\"1434\">Des partenaires ou prestataires impliqu\u00e9s dans la r\u00e9alisation des services<\/p>\n<\/li>\n<li data-section-id=\"1a0m9wa\" data-start=\"1435\" data-end=\"1508\">\n<p data-start=\"1437\" data-end=\"1508\">Des entreprises partenaires situ\u00e9es dans l\u2019Espace \u00e9conomique europ\u00e9en<\/p>\n<\/li>\n<\/ul>\n<p data-start=\"1510\" data-end=\"1670\">SG Solutions veille \u00e0 ce que ces destinataires mettent en place les mesures techniques et organisationnelles n\u00e9cessaires pour prot\u00e9ger vos donn\u00e9es personnelles.<\/p>\n<hr data-start=\"1672\" data-end=\"1675\" \/>\n<h2 data-section-id=\"xr18jq\" data-start=\"1677\" data-end=\"1705\"><strong data-start=\"1680\" data-end=\"1705\"><br \/>Dur\u00e9e de conservation<\/strong><\/h2>\n<p data-start=\"1707\" data-end=\"1873\">Vos donn\u00e9es personnelles sont conserv\u00e9es uniquement pendant la dur\u00e9e n\u00e9cessaire au respect des obligations l\u00e9gales et administratives, notamment en mati\u00e8re comptable.<\/p>\n<hr data-start=\"1875\" data-end=\"1878\" \/>\n<h2 data-section-id=\"rd6fko\" data-start=\"1880\" data-end=\"1897\"><strong data-start=\"1883\" data-end=\"1897\"><br \/>Vos droits<\/strong><\/h2>\n<p data-start=\"1899\" data-end=\"1979\">Conform\u00e9ment \u00e0 la r\u00e9glementation en vigueur, vous disposez des droits suivants :<\/p>\n<ul data-start=\"1981\" data-end=\"2362\">\n<li data-section-id=\"w2w0kl\" data-start=\"1981\" data-end=\"2019\">\n<p data-start=\"1983\" data-end=\"2019\">Acc\u00e9der \u00e0 vos donn\u00e9es personnelles<\/p>\n<\/li>\n<li data-section-id=\"nzs5wv\" data-start=\"2020\" data-end=\"2070\">\n<p data-start=\"2022\" data-end=\"2070\">Rectifier des donn\u00e9es inexactes ou incompl\u00e8tes<\/p>\n<\/li>\n<li data-section-id=\"1glfxrn\" data-start=\"2071\" data-end=\"2113\">\n<p data-start=\"2073\" data-end=\"2113\">Demander la suppression de vos donn\u00e9es<\/p>\n<\/li>\n<li data-section-id=\"b6eu29\" data-start=\"2114\" data-end=\"2154\">\n<p data-start=\"2116\" data-end=\"2154\">Limiter le traitement de vos donn\u00e9es<\/p>\n<\/li>\n<li data-section-id=\"edqytc\" data-start=\"2155\" data-end=\"2224\">\n<p data-start=\"2157\" data-end=\"2224\">Vous opposer au traitement de vos donn\u00e9es, y compris au profilage<\/p>\n<\/li>\n<li data-section-id=\"360wym\" data-start=\"2225\" data-end=\"2362\">\n<p data-start=\"2227\" data-end=\"2362\">Recevoir une copie de vos donn\u00e9es dans un format structur\u00e9 et lisible par machine, ou demander leur transfert vers un autre organisme<\/p>\n<\/li>\n<\/ul>\n<p data-start=\"2364\" data-end=\"2460\">Pour exercer ces droits, veuillez nous contacter \u00e0 l\u2019adresse suivante : <strong data-start=\"2436\" data-end=\"2459\"><a data-start=\"2438\" data-end=\"2457\" class=\"decorated-link cursor-pointer\" rel=\"noopener\">info@sgsolutions.be<span aria-hidden=\"true\" class=\"ms-0.5 inline-block align-middle leading-none\"><svg xmlns=\"http:\/\/www.w3.org\/2000\/svg\" width=\"20\" height=\"20\" aria-hidden=\"true\" data-rtl-flip=\"\" class=\"block h-[0.75em] w-[0.75em] stroke-current stroke-[0.75]\"><use href=\"\/cdn\/assets\/sprites-core-ni7q5mnh.svg#304883\" fill=\"currentColor\"><\/use><\/svg><\/span><\/a><\/strong>.<\/p>\n<hr data-start=\"2462\" data-end=\"2465\" \/>\n<h2 data-section-id=\"1q4vfl8\" data-start=\"2467\" data-end=\"2490\"><strong data-start=\"2470\" data-end=\"2490\"><br \/>Marketing direct<\/strong><\/h2>\n<p data-start=\"2492\" data-end=\"2617\">Vous avez le droit de vous opposer gratuitement \u00e0 tout traitement de vos donn\u00e9es personnelles \u00e0 des fins de marketing direct.<\/p>\n<hr data-start=\"2619\" data-end=\"2622\" \/>\n<h2 data-section-id=\"umgk80\" data-start=\"2624\" data-end=\"2642\"><strong data-start=\"2627\" data-end=\"2642\"><br \/>R\u00e9clamation<\/strong><\/h2>\n<p data-start=\"2644\" data-end=\"2754\">Vous avez \u00e9galement le droit d\u2019introduire une r\u00e9clamation aupr\u00e8s de l\u2019<strong data-start=\"2714\" data-end=\"2752\">Autorit\u00e9 de protection des donn\u00e9es<\/strong> :<\/p>\n<p data-start=\"2756\" data-end=\"2869\">Autorit\u00e9 de protection des donn\u00e9es<br data-start=\"2790\" data-end=\"2793\" \/>Drukpersstraat 35<br data-start=\"2810\" data-end=\"2813\" \/>1000 Bruxelles<br data-start=\"2827\" data-end=\"2830\" \/>Email : <a data-start=\"2838\" data-end=\"2869\" class=\"decorated-link cursor-pointer\" rel=\"noopener\">commission@privacycommission.be<span aria-hidden=\"true\" class=\"ms-0.5 inline-block align-middle leading-none\"><svg xmlns=\"http:\/\/www.w3.org\/2000\/svg\" width=\"20\" height=\"20\" aria-hidden=\"true\" data-rtl-flip=\"\" class=\"block h-[0.75em] w-[0.75em] stroke-current stroke-[0.75]\"><use href=\"\/cdn\/assets\/sprites-core-ni7q5mnh.svg#304883\" fill=\"currentColor\"><\/use><\/svg><\/span><\/a><\/p>\t\t\t\t\t\t\t\t<\/div>\n\t\t\t\t<div class=\"elementor-element elementor-element-ab4690b elementor-widget elementor-widget-spacer\" data-id=\"ab4690b\" data-element_type=\"widget\" data-e-type=\"widget\" data-widget_type=\"spacer.default\">\n\t\t\t\t\t\t\t<div class=\"elementor-spacer\">\n\t\t\t<div class=\"elementor-spacer-inner\"><\/div>\n\t\t<\/div>\n\t\t\t\t\t\t<\/div>\n\t\t\t\t\t<\/div>\n\t\t\t\t<\/div>\n\t\t\t\t<\/div>\n\t\t","protected":false},"excerpt":{"rendered":"<p>Politique de confidentialit\u00e9 \u2013 SG Solutions SG Solutions traite les donn\u00e9es personnelles conform\u00e9ment \u00e0 la pr\u00e9sente politique de confidentialit\u00e9. Pour toute question ou information compl\u00e9mentaire concernant vos donn\u00e9es, vous pouvez nous contacter \u00e0 l\u2019adresse suivante : info@sgsolutions.be. Finalit\u00e9s du traitement SG Solutions collecte et utilise vos donn\u00e9es personnelles afin de : G\u00e9rer la relation client [&hellip;]<\/p>\n","protected":false},"author":1,"featured_media":0,"parent":0,"menu_order":0,"comment_status":"closed","ping_status":"open","template":"elementor_header_footer","meta":{"_monsterinsights_skip_tracking":false,"_monsterinsights_sitenote_active":false,"_monsterinsights_sitenote_note":"","_monsterinsights_sitenote_category":0,"footnotes":""},"class_list":["post-3","page","type-page","status-publish","hentry"],"aioseo_notices":[],"_links":{"self":[{"href":"https:\/\/sgsolutions.shop\/nl\/wp-json\/wp\/v2\/pages\/3","targetHints":{"allow":["GET"]}}],"collection":[{"href":"https:\/\/sgsolutions.shop\/nl\/wp-json\/wp\/v2\/pages"}],"about":[{"href":"https:\/\/sgsolutions.shop\/nl\/wp-json\/wp\/v2\/types\/page"}],"author":[{"embeddable":true,"href":"https:\/\/sgsolutions.shop\/nl\/wp-json\/wp\/v2\/users\/1"}],"replies":[{"embeddable":true,"href":"https:\/\/sgsolutions.shop\/nl\/wp-json\/wp\/v2\/comments?post=3"}],"version-history":[{"count":24,"href":"https:\/\/sgsolutions.shop\/nl\/wp-json\/wp\/v2\/pages\/3\/revisions"}],"predecessor-version":[{"id":2285,"href":"https:\/\/sgsolutions.shop\/nl\/wp-json\/wp\/v2\/pages\/3\/revisions\/2285"}],"wp:attachment":[{"href":"https:\/\/sgsolutions.shop\/nl\/wp-json\/wp\/v2\/media?parent=3"}],"curies":[{"name":"wp","href":"https:\/\/api.w.org\/{rel}","templated":true}]}}