{"id":23,"date":"2022-06-27T05:11:16","date_gmt":"2022-06-27T05:11:16","guid":{"rendered":"https:\/\/bracketweb.com\/brotewp\/?page_id=23"},"modified":"2026-03-10T02:36:39","modified_gmt":"2026-03-10T02:36:39","slug":"pourquoi-sg-solutions","status":"publish","type":"page","link":"https:\/\/sgsolutions.shop\/nl\/pourquoi-sg-solutions\/","title":{"rendered":"Waarom SG Solutions?"},"content":{"rendered":"<div data-elementor-type=\"wp-page\" data-elementor-id=\"23\" class=\"elementor elementor-23\" data-elementor-post-type=\"page\">\n\t\t\t\t\t\t<section class=\"elementor-section elementor-top-section elementor-element elementor-element-643d11c5 elementor-section-full_width elementor-section-height-default elementor-section-height-default\" data-id=\"643d11c5\" data-element_type=\"section\" data-e-type=\"section\">\n\t\t\t\t\t\t<div class=\"elementor-container elementor-column-gap-no\">\n\t\t\t\t\t<div class=\"elementor-column elementor-col-100 elementor-top-column elementor-element elementor-element-12aa6885\" data-id=\"12aa6885\" data-element_type=\"column\" data-e-type=\"column\">\n\t\t\t<div class=\"elementor-widget-wrap elementor-element-populated\">\n\t\t\t\t\t\t<div class=\"elementor-element elementor-element-5d71ecc elementor-widget elementor-widget-brote-about\" data-id=\"5d71ecc\" data-element_type=\"widget\" data-e-type=\"widget\" data-widget_type=\"brote-about.default\">\n\t\t\t\t<div class=\"elementor-widget-container\">\n\t\t\t\t\t\t<!--Get To Know Start-->\r\n\t<section class=\"get-to-know\">\r\n\t\t\t\t\t<div class=\"get-to-know-bubble float-bob-x\">\r\n\t\t\t\t<img decoding=\"async\" src=\"https:\/\/bracketweb.com\/brotewp\/wp-content\/uploads\/2022\/06\/get-to-know-bubble.png\" alt=\"alt\">\r\n\t\t\t<\/div>\r\n\t\t\t\t<div class=\"container\">\r\n\t\t\t<div class=\"row\">\r\n\t\t\t\t<div class=\"col-xl-6\">\r\n\t\t\t\t\t<div class=\"get-to-know__left\">\r\n\t\t\t\t\t\t<div class=\"get-to-know__img wow slideInLeft\" data-wow-delay=\"100ms\" data-wow-duration=\"2500ms\">\r\n\t\t\t\t\t\t\t\t\t\t\t\t\t\t\t<img decoding=\"async\" src=\"https:\/\/sgsolutions.shop\/wp-content\/uploads\/2026\/03\/7cf280032364a58d9b8673b82717d6dd3bebb9c5-1400x933-1.avif\" alt=\"\">\r\n\t\t\t\t\t\t\t\t\t\t\t\t\t\t<div class=\"get-to-know-shape-1\"><\/div>\r\n\t\t\t\t\t\t\t<div class=\"get-to-know-shape-2\"><\/div>\r\n\t\t\t\t\t\t<\/div>\r\n\t\t\t\t\t<\/div>\r\n\t\t\t\t<\/div>\r\n\t\t\t\t<div class=\"col-xl-6\">\r\n\t\t\t\t\t<div class=\"get-to-know__right\">\r\n\t\t\t\t\t\t\t\t\t\t\t\t\t<div class=\"section-title text-left\">\r\n\t\t\t\t\t\t\t\t\t\t\t\t\t\t\t\t\t<span class=\"section-title__tagline\">Onze beloften<\/span>\r\n\t\t\t\t\t\t\t\t\t\t\t\t\t\t\t\t\t\t\t\t\t\t\t\t\t<h2 class=\"section-title__title\">Ontdek de expertise van SG Solutions<\/h2>\r\n\t\t\t\t\t\t\t\t\t\t\t\t\t\t\t<\/div>\r\n\t\t\t\t\t\t\t\t\t\t\t\t\t\t\t\t\t\t\t<p class=\"get-to-know__text\">Bij SG Solutions staan servicekwaliteit en klanttevredenheid bij ons hoog in het vaandel. Sinds onze oprichting in 2019 begeleiden we huishoudens en bedrijven bij het vinden van duurzame en effici\u00ebnte energieoplossingen.\n<br><br>\nDankzij een professionele aanpak, kwaliteitsproducten en een zorgvuldige opvolging dragen wij bij aan het verbeteren van de energieprestaties en het verlagen van de kosten voor onze klanten.<\/p>\r\n\t\t\t\t\t\t\t\t\t\t\t\t\t\t\t\t\t\t\t<div class=\"get-to-know__points-box\">\r\n\r\n\t\t\t\t\t\t\t\t<ul class=\"list-unstyled get-to-know__points ml-0\">\r\n\t\t\t\t\t\t\t\t\t\t\t\t\t\t\t\t\t<\/ul>\r\n\r\n\t\t\t\t\t\t\t\t<ul class=\"list-unstyled get-to-know__points get-to-know__points--two ml-0\">\r\n\t\t\t\t\t\t\t\t\t\t\t\t\t\t\t\t\t<\/ul>\r\n\t\t\t\t\t\t\t<\/div>\r\n\t\t\t\t\t\t\t\t\t\t\t\t\t\t\t\t\t\t\t<a target=\"_blank\" href=\"https:\/\/sgsolutions.shop\/nl\/panneaux-photovoltaique\/\" class=\"thm-btn get-to-know__btn\">Ontdek onze oplossingen\t\t\t\t\t\t\t\t<i aria-hidden=\"true\" class=\"fa fa-angle-right\"><\/i>\t\t\t\t\t\t\t<\/a>\r\n\t\t\t\t\t\t\t\t\t\t\t<\/div>\r\n\t\t\t\t<\/div>\r\n\t\t\t<\/div>\r\n\t\t<\/div>\r\n\t<\/section>\r\n\t<!--Get To Know End-->\r\n\t\t\t\t<\/div>\n\t\t\t\t<\/div>\n\t\t\t\t<div class=\"elementor-element elementor-element-6e67597d elementor-widget elementor-widget-brote-funfact\" data-id=\"6e67597d\" data-element_type=\"widget\" data-e-type=\"widget\" data-widget_type=\"brote-funfact.default\">\n\t\t\t\t<div class=\"elementor-widget-container\">\n\t\t\t\t\t\t<!--Counter One Start-->\r\n\t<section class=\"counter-two\">\r\n\t\t<div class=\"container\">\r\n\t\t\t<div class=\"counter-two__inner\">\r\n\t\t\t\t\t\t\t\t\t<ul class=\"list-unstyled counter-two__list ml-0\">\r\n\t\t\t\t\t\t\t\t\t\t\t\t\t<li>\r\n\t\t\t\t\t\t\t\t<div class=\"counter-two__icon icon-svg-large\">\r\n\t\t\t\t\t\t\t\t\t<span aria-hidden=\"true\" class=\"icon-trophy\"><\/span>\t\t\t\t\t\t\t\t<\/div>\r\n\t\t\t\t\t\t\t\t<div class=\"counter-two__count-box\">\r\n\t\t\t\t\t\t\t\t\t<div class=\"counter-two__count-box-inner\">\r\n\t\t\t\t\t\t\t\t\t\t<h3 class=\"odometer\" data-count=\"98\">00<\/h3>\r\n\t\t\t\t\t\t\t\t\t\t<span class=\"counter-two__plus\">+<\/span>\r\n\t\t\t\t\t\t\t\t\t<\/div>\r\n\t\t\t\t\t\t\t\t\t<p class=\"counter-two__text\">Klanttevredenheid<\/p>\r\n\t\t\t\t\t\t\t\t<\/div>\r\n\t\t\t\t\t\t\t<\/li>\r\n\t\t\t\t\t\t\t\t\t\t\t\t\t<li>\r\n\t\t\t\t\t\t\t\t<div class=\"counter-two__icon icon-svg-large\">\r\n\t\t\t\t\t\t\t\t\t<span aria-hidden=\"true\" class=\"icon-buildings\"><\/span>\t\t\t\t\t\t\t\t<\/div>\r\n\t\t\t\t\t\t\t\t<div class=\"counter-two__count-box\">\r\n\t\t\t\t\t\t\t\t\t<div class=\"counter-two__count-box-inner\">\r\n\t\t\t\t\t\t\t\t\t\t<h3 class=\"odometer\" data-count=\"90\">00<\/h3>\r\n\t\t\t\t\t\t\t\t\t\t<span class=\"counter-two__plus\">+<\/span>\r\n\t\t\t\t\t\t\t\t\t<\/div>\r\n\t\t\t\t\t\t\t\t\t<p class=\"counter-two__text\">Toegewijde experts<\/p>\r\n\t\t\t\t\t\t\t\t<\/div>\r\n\t\t\t\t\t\t\t<\/li>\r\n\t\t\t\t\t\t\t\t\t\t\t\t\t<li>\r\n\t\t\t\t\t\t\t\t<div class=\"counter-two__icon icon-svg-large\">\r\n\t\t\t\t\t\t\t\t\t<span aria-hidden=\"true\" class=\"icon-teamwork\"><\/span>\t\t\t\t\t\t\t\t<\/div>\r\n\t\t\t\t\t\t\t\t<div class=\"counter-two__count-box\">\r\n\t\t\t\t\t\t\t\t\t<div class=\"counter-two__count-box-inner\">\r\n\t\t\t\t\t\t\t\t\t\t<h3 class=\"odometer\" data-count=\"5\">00<\/h3>\r\n\t\t\t\t\t\t\t\t\t\t<span class=\"counter-two__plus\">+<\/span>\r\n\t\t\t\t\t\t\t\t\t<\/div>\r\n\t\t\t\t\t\t\t\t\t<p class=\"counter-two__text\">Jaar ervaring<\/p>\r\n\t\t\t\t\t\t\t\t<\/div>\r\n\t\t\t\t\t\t\t<\/li>\r\n\t\t\t\t\t\t\t\t\t\t\t<\/ul>\r\n\t\t\t\t\t\t\t<\/div>\r\n\t\t<\/div>\r\n\t<\/section>\r\n\t<!--Counter One End-->\r\n\t\t\t\t<\/div>\n\t\t\t\t<\/div>\n\t\t\t\t\t<\/div>\n\t\t<\/div>\n\t\t\t\t\t<\/div>\n\t\t<\/section>\n\t\t\t\t<section class=\"elementor-section elementor-top-section elementor-element elementor-element-1fb7f7c0 elementor-section-full_width elementor-section-height-default elementor-section-height-default\" data-id=\"1fb7f7c0\" data-element_type=\"section\" data-e-type=\"section\">\n\t\t\t\t\t\t<div class=\"elementor-container elementor-column-gap-no\">\n\t\t\t\t\t<div class=\"elementor-column elementor-col-100 elementor-top-column elementor-element elementor-element-287d7389\" data-id=\"287d7389\" data-element_type=\"column\" data-e-type=\"column\">\n\t\t\t<div class=\"elementor-widget-wrap elementor-element-populated\">\n\t\t\t\t\t\t<div class=\"elementor-element elementor-element-58ee4e6 elementor-widget elementor-widget-spacer\" data-id=\"58ee4e6\" data-element_type=\"widget\" data-e-type=\"widget\" data-widget_type=\"spacer.default\">\n\t\t\t\t\t\t\t<div class=\"elementor-spacer\">\n\t\t\t<div class=\"elementor-spacer-inner\"><\/div>\n\t\t<\/div>\n\t\t\t\t\t\t<\/div>\n\t\t\t\t\t<\/div>\n\t\t<\/div>\n\t\t\t\t\t<\/div>\n\t\t<\/section>\n\t\t\t\t<section class=\"elementor-section elementor-top-section elementor-element elementor-element-7120777c elementor-section-full_width elementor-section-height-default elementor-section-height-default\" data-id=\"7120777c\" data-element_type=\"section\" data-e-type=\"section\">\n\t\t\t\t\t\t<div class=\"elementor-container elementor-column-gap-no\">\n\t\t\t\t\t<div class=\"elementor-column elementor-col-100 elementor-top-column elementor-element elementor-element-288fee37\" data-id=\"288fee37\" data-element_type=\"column\" data-e-type=\"column\">\n\t\t\t<div class=\"elementor-widget-wrap elementor-element-populated\">\n\t\t\t\t\t\t<div class=\"elementor-element elementor-element-3b88922d elementor-hidden-desktop elementor-hidden-tablet elementor-hidden-mobile elementor-widget elementor-widget-brote-call-to-action\" data-id=\"3b88922d\" data-element_type=\"widget\" data-e-type=\"widget\" data-widget_type=\"brote-call-to-action.default\">\n\t\t\t\t<div class=\"elementor-widget-container\">\n\t\t\t\t\t    <!--CTA One Start-->\r\n    <section class=\"cta-one\">\r\n                    <div class=\"cta-one-bg-bg\">\r\n                <div class=\"cta-one-bg jarallax\" data-jarallax data-speed=\"0.2\" data-imgposition=\"50% 0%\" style=\"background-image: url(https:\/\/bracketweb.com\/brotewp\/wp-content\/uploads\/2022\/06\/cta-one-bg.jpg);\"><\/div>\r\n            <\/div>\r\n                            <div class=\"cta-one-shape\" style=\"background-image: url(https:\/\/bracketweb.com\/brotewp\/wp-content\/uploads\/2022\/06\/cta-one-shape.png);\"><\/div>\r\n                <div class=\"container\">\r\n            <div class=\"cta-one__inner\">\r\n                                    <h2 class=\"cta-one__title\">Chrono Clean recrute !\n <br> D\u00e9couvrez nos offres pr\u00e8s de chez vous<\/h2>\r\n                                <div class=\"cta-one__btn-box\">\r\n                                            <a href=\"https:\/\/bracketweb.com\/brotewp\/service-01\/\" class=\"thm-btn cta-one__btn-1\">Nous rejoindre <i class=\"fa fa-angle-right\"><\/i><\/a>\r\n                                                        <\/div>\r\n            <\/div>\r\n        <\/div>\r\n    <\/section>\r\n    <!--CTA One End-->\r\n\t\t\t\t<\/div>\n\t\t\t\t<\/div>\n\t\t\t\t\t<\/div>\n\t\t<\/div>\n\t\t\t\t\t<\/div>\n\t\t<\/section>\n\t\t\t\t<section class=\"elementor-section elementor-top-section elementor-element elementor-element-6252c9d elementor-section-full_width elementor-section-height-default elementor-section-height-default\" data-id=\"6252c9d\" data-element_type=\"section\" data-e-type=\"section\">\n\t\t\t\t\t\t<div class=\"elementor-container elementor-column-gap-no\">\n\t\t\t\t\t<div class=\"elementor-column elementor-col-100 elementor-top-column elementor-element elementor-element-58c2e0c7\" data-id=\"58c2e0c7\" data-element_type=\"column\" data-e-type=\"column\">\n\t\t\t<div class=\"elementor-widget-wrap elementor-element-populated\">\n\t\t\t\t\t\t<div class=\"elementor-element elementor-element-6e03d4ae elementor-hidden-desktop elementor-hidden-tablet elementor-hidden-mobile elementor-widget elementor-widget-brote-team\" data-id=\"6e03d4ae\" data-element_type=\"widget\" data-e-type=\"widget\" data-widget_type=\"brote-team.default\">\n\t\t\t\t<div class=\"elementor-widget-container\">\n\t\t\t\t\t\t<!--Team One Start-->\r\n\t<section class=\"team-one about-team-page\">\r\n\t\t\t\t\t<div class=\"team-one__bubbles wow slideInRight\" data-wow-delay=\"100ms\" data-wow-duration=\"2500ms\" style=\"background-image: url(https:\/\/bracketweb.com\/brotewp\/wp-content\/uploads\/2022\/06\/team-one-bubbles.png);\"><\/div>\r\n\t\t\t\t\t\t\t<div class=\"team-one__shape-bg\" style=\"background-image: url(https:\/\/bracketweb.com\/brotewp\/wp-content\/uploads\/2022\/06\/team-one-shape-bg.png);\"><\/div>\r\n\t\t\t\t\t\t\t<div class=\"team-one-start-1 zoominout\"><img decoding=\"async\" src=\"https:\/\/bracketweb.com\/brotewp\/wp-content\/uploads\/2022\/06\/team-one-star-1.png\" alt=\"115\"><\/div>\r\n\t\t\t\t\t\t\t<div class=\"team-one-start-2 zoominout-2\"><img decoding=\"async\" src=\"https:\/\/bracketweb.com\/brotewp\/wp-content\/uploads\/2022\/06\/team-one-star-2.png\" alt=\"116\"><\/div>\r\n\t\t\t\t\t\t\t<div class=\"team-one-start-3 zoominout\"><img decoding=\"async\" src=\"https:\/\/bracketweb.com\/brotewp\/wp-content\/uploads\/2022\/06\/team-one-star-3.png\" alt=\"117\"><\/div>\r\n\t\t\t\t\t\t\t<div class=\"team-one-start-4 zoominout-2\"><img decoding=\"async\" src=\"https:\/\/bracketweb.com\/brotewp\/wp-content\/uploads\/2022\/06\/team-one-star-4.png\" alt=\"118\"><\/div>\r\n\t\t\t\t\t\t\t<div class=\"team-one-start-5 zoominout\"><img decoding=\"async\" src=\"https:\/\/bracketweb.com\/brotewp\/wp-content\/uploads\/2022\/06\/team-one-star-5.png\" alt=\"119\"><\/div>\r\n\t\t\r\n\t\t<div class=\"container\">\r\n\t\t\t\t\t\t\t<div class=\"section-title text-center\">\r\n\t\t\t\t\t\t\t\t\t\t\t<span class=\"section-title__tagline\">We\u2019ve Awesome Team Members<\/span>\r\n\t\t\t\t\t\t\t\t\t\t\t\t\t\t\t\t<h2 class=\"section-title__title\">Meet Our Experienced &amp; <br> Professional Team<\/h2>\r\n\t\t\t\t\t\t\t\t\t<\/div>\r\n\t\t\t\t\t\t<div class=\"row\">\r\n\t\t\t\t\t\t\t\t\t\t\t\t\t\t\t<!--Team One Single Start-->\r\n\t\t\t\t\t\t<div class=\"col-xl-4 wow fadeInUp\" data-wow-delay=\"100ms\">\r\n\t\t\t\t\t\t\t<div class=\"team-one__single\">\r\n\t\t\t\t\t\t\t\t<div class=\"team-one__img\">\r\n\t\t\t\t\t\t\t\t\t<img decoding=\"async\" src=\"https:\/\/bracketweb.com\/brotewp\/wp-content\/uploads\/2022\/06\/team-1-1.jpg\" alt=\"\">\r\n\t\t\t\t\t\t\t\t\t<ul class=\"list-unstyled team-one__social\">\r\n\t\t\t\t\t\t\t\t\t\t<li><a href=\"http:\/\/facebook.com\"><i class=\"fab fa-facebook-f\"><\/i><\/a><\/li>\r\n<li><a href=\"https:\/\/twitter.com\"><i class=\"fab fa-twitter\"><\/i><\/a><\/li>\r\n<li><a href=\"https:\/\/linkedub.com\"><i class=\"fab fa-linkedin-in\"><\/i><\/a><\/li>\r\n<li><a href=\"https:\/\/dribble.com\"><i class=\"fab fa-dribbble\"><\/i><\/a><\/li>\t\t\t\t\t\t\t\t\t<\/ul>\r\n\t\t\t\t\t\t\t\t<\/div>\r\n\t\t\t\t\t\t\t\t<div class=\"team-one__content\">\r\n\t\t\t\t\t\t\t\t\t<div class=\"team-one__title-box\">\r\n\t\t\t\t\t\t\t\t\t\t<h3 class=\"team-one__name\">\r\n\t\t\t\t\t\t\t\t\t\t\t<a target=\"_blank\" href=\"https:\/\/bracketweb.com\/brotewp\/team-details\/\">\r\n\t\t\t\t\t\t\t\t\t\t\t\tJessica Brown\t\t\t\t\t\t\t\t\t\t\t<\/a>\r\n\t\t\t\t\t\t\t\t\t\t<\/h3>\r\n\t\t\t\t\t\t\t\t\t\t<ul class=\"list-unstyled team-one__social-two\">\r\n\t\t\t\t\t\t\t\t\t\t\t<li><a href=\"#\"><i class=\"fas fa-share-alt\"><\/i><\/a><\/li>\r\n\t\t\t\t\t\t\t\t\t\t<\/ul>\r\n\t\t\t\t\t\t\t\t\t<\/div>\r\n\r\n\t\t\t\t\t\t\t\t\t<div class=\"team-one__sub-title-box\">\r\n\t\t\t\t\t\t\t\t\t\t<p class=\"team-one__sub-title\">Window Cleaner<\/p>\r\n\t\t\t\t\t\t\t\t\t<\/div>\r\n\r\n\t\t\t\t\t\t\t\t<\/div>\r\n\t\t\t\t\t\t\t<\/div>\r\n\t\t\t\t\t\t<\/div>\r\n\t\t\t\t\t\t<!--Team One Single End-->\r\n\t\t\t\t\t\t\t\t\t\t<!--Team One Single Start-->\r\n\t\t\t\t\t\t<div class=\"col-xl-4 wow fadeInUp\" data-wow-delay=\"100ms\">\r\n\t\t\t\t\t\t\t<div class=\"team-one__single\">\r\n\t\t\t\t\t\t\t\t<div class=\"team-one__img\">\r\n\t\t\t\t\t\t\t\t\t<img decoding=\"async\" src=\"https:\/\/bracketweb.com\/brotewp\/wp-content\/uploads\/2022\/06\/team-1-2.jpg\" alt=\"\">\r\n\t\t\t\t\t\t\t\t\t<ul class=\"list-unstyled team-one__social\">\r\n\t\t\t\t\t\t\t\t\t\t<li><a href=\"http:\/\/facebook.com\"><i class=\"fab fa-facebook-f\"><\/i><\/a><\/li>\r\n<li><a href=\"https:\/\/twitter.com\"><i class=\"fab fa-twitter\"><\/i><\/a><\/li>\r\n<li><a href=\"https:\/\/linkedub.com\"><i class=\"fab fa-linkedin-in\"><\/i><\/a><\/li>\r\n<li><a href=\"https:\/\/dribble.com\"><i class=\"fab fa-dribbble\"><\/i><\/a><\/li>\t\t\t\t\t\t\t\t\t<\/ul>\r\n\t\t\t\t\t\t\t\t<\/div>\r\n\t\t\t\t\t\t\t\t<div class=\"team-one__content\">\r\n\t\t\t\t\t\t\t\t\t<div class=\"team-one__title-box\">\r\n\t\t\t\t\t\t\t\t\t\t<h3 class=\"team-one__name\">\r\n\t\t\t\t\t\t\t\t\t\t\t<a target=\"_blank\" href=\"https:\/\/bracketweb.com\/brotewp\/team-details\/\">\r\n\t\t\t\t\t\t\t\t\t\t\t\tRobert Michale\t\t\t\t\t\t\t\t\t\t\t<\/a>\r\n\t\t\t\t\t\t\t\t\t\t<\/h3>\r\n\t\t\t\t\t\t\t\t\t\t<ul class=\"list-unstyled team-one__social-two\">\r\n\t\t\t\t\t\t\t\t\t\t\t<li><a href=\"#\"><i class=\"fas fa-share-alt\"><\/i><\/a><\/li>\r\n\t\t\t\t\t\t\t\t\t\t<\/ul>\r\n\t\t\t\t\t\t\t\t\t<\/div>\r\n\r\n\t\t\t\t\t\t\t\t\t<div class=\"team-one__sub-title-box\">\r\n\t\t\t\t\t\t\t\t\t\t<p class=\"team-one__sub-title\">Window Cleaner<\/p>\r\n\t\t\t\t\t\t\t\t\t<\/div>\r\n\r\n\t\t\t\t\t\t\t\t<\/div>\r\n\t\t\t\t\t\t\t<\/div>\r\n\t\t\t\t\t\t<\/div>\r\n\t\t\t\t\t\t<!--Team One Single End-->\r\n\t\t\t\t\t\t\t\t\t\t<!--Team One Single Start-->\r\n\t\t\t\t\t\t<div class=\"col-xl-4 wow fadeInUp\" data-wow-delay=\"100ms\">\r\n\t\t\t\t\t\t\t<div class=\"team-one__single\">\r\n\t\t\t\t\t\t\t\t<div class=\"team-one__img\">\r\n\t\t\t\t\t\t\t\t\t<img decoding=\"async\" src=\"https:\/\/bracketweb.com\/brotewp\/wp-content\/uploads\/2022\/06\/team-1-3.jpg\" alt=\"alt\">\r\n\t\t\t\t\t\t\t\t\t<ul class=\"list-unstyled team-one__social\">\r\n\t\t\t\t\t\t\t\t\t\t<li><a href=\"http:\/\/facebook.com\"><i class=\"fab fa-facebook-f\"><\/i><\/a><\/li>\r\n<li><a href=\"https:\/\/twitter.com\"><i class=\"fab fa-twitter\"><\/i><\/a><\/li>\r\n<li><a href=\"https:\/\/linkedub.com\"><i class=\"fab fa-linkedin-in\"><\/i><\/a><\/li>\r\n<li><a href=\"https:\/\/dribble.com\"><i class=\"fab fa-dribbble\"><\/i><\/a><\/li>\t\t\t\t\t\t\t\t\t<\/ul>\r\n\t\t\t\t\t\t\t\t<\/div>\r\n\t\t\t\t\t\t\t\t<div class=\"team-one__content\">\r\n\t\t\t\t\t\t\t\t\t<div class=\"team-one__title-box\">\r\n\t\t\t\t\t\t\t\t\t\t<h3 class=\"team-one__name\">\r\n\t\t\t\t\t\t\t\t\t\t\t<a target=\"_blank\" href=\"https:\/\/bracketweb.com\/brotewp\/team-details\/\">\r\n\t\t\t\t\t\t\t\t\t\t\t\tSarah Albert\t\t\t\t\t\t\t\t\t\t\t<\/a>\r\n\t\t\t\t\t\t\t\t\t\t<\/h3>\r\n\t\t\t\t\t\t\t\t\t\t<ul class=\"list-unstyled team-one__social-two\">\r\n\t\t\t\t\t\t\t\t\t\t\t<li><a href=\"#\"><i class=\"fas fa-share-alt\"><\/i><\/a><\/li>\r\n\t\t\t\t\t\t\t\t\t\t<\/ul>\r\n\t\t\t\t\t\t\t\t\t<\/div>\r\n\r\n\t\t\t\t\t\t\t\t\t<div class=\"team-one__sub-title-box\">\r\n\t\t\t\t\t\t\t\t\t\t<p class=\"team-one__sub-title\">Window Cleaner<\/p>\r\n\t\t\t\t\t\t\t\t\t<\/div>\r\n\r\n\t\t\t\t\t\t\t\t<\/div>\r\n\t\t\t\t\t\t\t<\/div>\r\n\t\t\t\t\t\t<\/div>\r\n\t\t\t\t\t\t<!--Team One Single End-->\r\n\t\t\t\t\t\t\t<\/div>\r\n\t\t<\/div>\r\n\t<\/section>\r\n\t<!--Team One End-->\r\n\t\t\t\t<\/div>\n\t\t\t\t<\/div>\n\t\t\t\t\t<\/div>\n\t\t<\/div>\n\t\t\t\t\t<\/div>\n\t\t<\/section>\n\t\t\t\t<\/div>","protected":false},"excerpt":{"rendered":"<p>Nos engagements D\u00e9couvrez l\u2019Expertise SG Solutions Chez SG Solutions, nous pla\u00e7ons la qualit\u00e9 du service et la satisfaction du client au c\u0153ur de nos priorit\u00e9s. Depuis notre cr\u00e9ation en 2019, nous accompagnons les m\u00e9nages et les entreprises vers des solutions \u00e9nerg\u00e9tiques durables et performantes. Gr\u00e2ce \u00e0 une approche professionnelle, des produits de qualit\u00e9 et un [&hellip;]<\/p>\n","protected":false},"author":1,"featured_media":0,"parent":0,"menu_order":0,"comment_status":"closed","ping_status":"closed","template":"elementor_header_footer","meta":{"_monsterinsights_skip_tracking":false,"_monsterinsights_sitenote_active":false,"_monsterinsights_sitenote_note":"","_monsterinsights_sitenote_category":0,"footnotes":""},"class_list":["post-23","page","type-page","status-publish","hentry"],"aioseo_notices":[],"_links":{"self":[{"href":"https:\/\/sgsolutions.shop\/nl\/wp-json\/wp\/v2\/pages\/23","targetHints":{"allow":["GET"]}}],"collection":[{"href":"https:\/\/sgsolutions.shop\/nl\/wp-json\/wp\/v2\/pages"}],"about":[{"href":"https:\/\/sgsolutions.shop\/nl\/wp-json\/wp\/v2\/types\/page"}],"author":[{"embeddable":true,"href":"https:\/\/sgsolutions.shop\/nl\/wp-json\/wp\/v2\/users\/1"}],"replies":[{"embeddable":true,"href":"https:\/\/sgsolutions.shop\/nl\/wp-json\/wp\/v2\/comments?post=23"}],"version-history":[{"count":43,"href":"https:\/\/sgsolutions.shop\/nl\/wp-json\/wp\/v2\/pages\/23\/revisions"}],"predecessor-version":[{"id":2262,"href":"https:\/\/sgsolutions.shop\/nl\/wp-json\/wp\/v2\/pages\/23\/revisions\/2262"}],"wp:attachment":[{"href":"https:\/\/sgsolutions.shop\/nl\/wp-json\/wp\/v2\/media?parent=23"}],"curies":[{"name":"wp","href":"https:\/\/api.w.org\/{rel}","templated":true}]}}