{"id":1952,"date":"2026-03-09T04:32:59","date_gmt":"2026-03-09T04:32:59","guid":{"rendered":"https:\/\/sgsolutions.shop\/?page_id=1952"},"modified":"2026-03-10T02:32:33","modified_gmt":"2026-03-10T02:32:33","slug":"politique-de-cookies","status":"publish","type":"page","link":"https:\/\/sgsolutions.shop\/nl\/politique-de-cookies\/","title":{"rendered":"Cookiebeleid"},"content":{"rendered":"\t\t<div data-elementor-type=\"wp-page\" data-elementor-id=\"1952\" class=\"elementor elementor-1952\" data-elementor-post-type=\"page\">\n\t\t\t\t<div class=\"elementor-element elementor-element-3a796a4 e-flex e-con-boxed e-con e-parent\" data-id=\"3a796a4\" data-element_type=\"container\" data-e-type=\"container\">\n\t\t\t\t\t<div class=\"e-con-inner\">\n\t\t\t\t<div class=\"elementor-element elementor-element-d3876d0 elementor-widget elementor-widget-spacer\" data-id=\"d3876d0\" data-element_type=\"widget\" data-e-type=\"widget\" data-widget_type=\"spacer.default\">\n\t\t\t\t\t\t\t<div class=\"elementor-spacer\">\n\t\t\t<div class=\"elementor-spacer-inner\"><\/div>\n\t\t<\/div>\n\t\t\t\t\t\t<\/div>\n\t\t\t\t<div class=\"elementor-element elementor-element-534f0d4 elementor-widget elementor-widget-text-editor\" data-id=\"534f0d4\" data-element_type=\"widget\" data-e-type=\"widget\" data-widget_type=\"text-editor.default\">\n\t\t\t\t\t\t\t\t\t<p data-start=\"131\" data-end=\"169\"><strong data-start=\"131\" data-end=\"169\">Derni\u00e8re mise \u00e0 jour : 9 mars 2026<\/strong><\/p><p data-start=\"171\" data-end=\"304\">Cette politique de cookies s\u2019applique aux citoyens et r\u00e9sidents permanents de l\u2019<strong data-start=\"251\" data-end=\"303\">Espace \u00c9conomique Europ\u00e9en (EEE) et de la Suisse<\/strong>.<\/p><hr data-start=\"306\" data-end=\"309\" \/><h2 data-section-id=\"vflf2y\" data-start=\"311\" data-end=\"333\"><\/h2><p><\/p><h2 data-section-id=\"vflf2y\" data-start=\"311\" data-end=\"333\"><strong data-start=\"314\" data-end=\"333\">1. Introduction<\/strong><\/h2><p data-start=\"335\" data-end=\"550\">Notre site web <strong data-start=\"350\" data-end=\"380\"><a data-start=\"352\" data-end=\"378\" rel=\"noopener\" target=\"_new\" class=\"decorated-link cursor-pointer\">https:\/\/www.sgsolutions.be <\/a><\/strong>(ci-apr\u00e8s : \u00ab le site \u00bb) utilise des cookies et d\u2019autres technologies similaires. Des cookies peuvent \u00e9galement \u00eatre plac\u00e9s par des tiers avec lesquels nous collaborons.<\/p><p data-start=\"552\" data-end=\"652\">Dans ce document, nous vous expliquons comment et pourquoi ces cookies sont utilis\u00e9s sur notre site.<\/p><hr data-start=\"654\" data-end=\"657\" \/><p>2. Qu\u2019est-ce qu\u2019un cookie ?<\/p><p data-start=\"695\" data-end=\"1003\">Un cookie est un petit fichier simple envoy\u00e9 avec les pages de ce site et stock\u00e9 par votre navigateur sur le disque dur de votre ordinateur ou de votre appareil mobile. Les informations qui y sont stock\u00e9es peuvent \u00eatre renvoy\u00e9es \u00e0 nos serveurs ou aux serveurs de tiers concern\u00e9s lors d\u2019une visite ult\u00e9rieure.<\/p><hr data-start=\"1005\" data-end=\"1008\" \/><p>3. Qu\u2019est-ce qu\u2019un script ?<\/p><p data-start=\"1046\" data-end=\"1226\">Un script est un morceau de code utilis\u00e9 pour assurer le bon fonctionnement et l\u2019interactivit\u00e9 de notre site web. Ce code peut \u00eatre ex\u00e9cut\u00e9 sur notre serveur ou sur votre appareil.<\/p><hr data-start=\"1228\" data-end=\"1231\" \/><p>4. Qu\u2019est-ce qu\u2019une balise web ?<\/p><p data-start=\"1274\" data-end=\"1525\">Une balise web (\u00e9galement appel\u00e9e <strong data-start=\"1308\" data-end=\"1327\">pixel invisible<\/strong>) est un petit \u00e9l\u00e9ment graphique ou un texte invisible plac\u00e9 sur un site web afin de suivre le trafic des visiteurs. Pour ce faire, certaines donn\u00e9es peuvent \u00eatre collect\u00e9es \u00e0 l\u2019aide de ces balises.<\/p><hr data-start=\"1527\" data-end=\"1530\" \/><p>5. Les cookies utilis\u00e9s<\/p><h4 data-section-id=\"120y6dz\" data-start=\"1564\" data-end=\"1596\"><strong data-start=\"1568\" data-end=\"1596\"><br \/>5.1 Cookies fonctionnels<\/strong><\/h4><p data-start=\"1598\" data-end=\"1880\">Certains cookies garantissent le bon fonctionnement de certaines parties du site et permettent de m\u00e9moriser vos pr\u00e9f\u00e9rences d\u2019utilisateur. Gr\u00e2ce \u00e0 ces cookies, votre navigation sur notre site est plus simple et plus agr\u00e9able. Ces cookies peuvent \u00eatre plac\u00e9s sans votre consentement.<\/p><hr data-start=\"1882\" data-end=\"1885\" \/><h4 data-section-id=\"1xb3myn\" data-start=\"1887\" data-end=\"1919\"><strong data-start=\"1891\" data-end=\"1919\"><br \/>5.2 Cookies statistiques<\/strong><\/h4><p data-start=\"1921\" data-end=\"2192\">Nous utilisons des cookies statistiques afin de mieux comprendre la mani\u00e8re dont les visiteurs utilisent notre site. Ces informations nous permettent d\u2019am\u00e9liorer le fonctionnement et l\u2019exp\u00e9rience utilisateur. Nous demandons votre consentement avant de placer ces cookies.<\/p><hr data-start=\"2194\" data-end=\"2197\" \/><h4 data-section-id=\"1c1dyu5\" data-start=\"2199\" data-end=\"2240\"><strong data-start=\"2203\" data-end=\"2240\"><br \/>5.3 Cookies marketing et de suivi<\/strong><\/h4><p data-start=\"2242\" data-end=\"2420\">Les cookies marketing ou de suivi sont utilis\u00e9s pour cr\u00e9er des profils d\u2019utilisateurs et suivre les visiteurs sur diff\u00e9rents sites web afin d\u2019afficher des publicit\u00e9s pertinentes.<\/p><hr data-start=\"2422\" data-end=\"2425\" \/><h4 data-section-id=\"1ejz7bm\" data-start=\"2427\" data-end=\"2454\"><strong data-start=\"2431\" data-end=\"2454\"><br \/>5.4 R\u00e9seaux sociaux<\/strong><\/h4><p data-start=\"2456\" data-end=\"2628\">Sur notre site, nous pouvons int\u00e9grer du contenu provenant de r\u00e9seaux sociaux tels que <strong data-start=\"2543\" data-end=\"2586\">Facebook, LinkedIn, Instagram ou TikTok<\/strong> afin de promouvoir ou partager nos pages.<\/p><p data-start=\"2630\" data-end=\"2798\">Ce contenu peut inclure des cookies provenant de ces plateformes. Ces cookies peuvent stocker et traiter certaines informations \u00e0 des fins publicitaires ou analytiques.<\/p><p data-start=\"2800\" data-end=\"2953\">Nous vous recommandons de consulter les politiques de confidentialit\u00e9 de ces plateformes pour comprendre comment elles traitent vos donn\u00e9es personnelles.<\/p><hr data-start=\"2955\" data-end=\"2958\" \/><p>6. Activer, d\u00e9sactiver ou supprimer les cookies<\/p><p data-start=\"3016\" data-end=\"3239\">Vous pouvez configurer votre navigateur internet pour supprimer automatiquement ou manuellement les cookies. Vous pouvez \u00e9galement choisir de bloquer certains cookies ou recevoir une notification lorsqu\u2019un cookie est plac\u00e9.<\/p><p data-start=\"3241\" data-end=\"3362\">Veuillez noter que certaines parties du site peuvent ne pas fonctionner correctement si tous les cookies sont d\u00e9sactiv\u00e9s.<\/p><p data-start=\"3364\" data-end=\"3508\">Si vous supprimez les cookies dans votre navigateur, ils pourront \u00eatre plac\u00e9s \u00e0 nouveau lors de votre prochaine visite apr\u00e8s votre consentement.<\/p><hr data-start=\"3510\" data-end=\"3513\" \/><p>7. Vos droits concernant les donn\u00e9es personnelles<\/p><p data-start=\"3573\" data-end=\"3644\">Vous disposez des droits suivants concernant vos donn\u00e9es personnelles :<\/p><ul data-start=\"3646\" data-end=\"3983\"><li data-section-id=\"d7hs10\" data-start=\"3646\" data-end=\"3735\"><p data-start=\"3648\" data-end=\"3735\">Droit de savoir pourquoi vos donn\u00e9es sont n\u00e9cessaires et comment elles sont utilis\u00e9es<\/p><\/li><li data-section-id=\"lwjfx9\" data-start=\"3736\" data-end=\"3780\"><p data-start=\"3738\" data-end=\"3780\">Droit d\u2019acc\u00e8s \u00e0 vos donn\u00e9es personnelles<\/p><\/li><li data-section-id=\"z9t0lk\" data-start=\"3781\" data-end=\"3840\"><p data-start=\"3783\" data-end=\"3840\">Droit de rectification ou de suppression de vos donn\u00e9es<\/p><\/li><li data-section-id=\"1jojxsb\" data-start=\"3841\" data-end=\"3894\"><p data-start=\"3843\" data-end=\"3894\">Droit de retirer votre consentement \u00e0 tout moment<\/p><\/li><li data-section-id=\"1bxjk4s\" data-start=\"3895\" data-end=\"3933\"><p data-start=\"3897\" data-end=\"3933\">Droit \u00e0 la portabilit\u00e9 des donn\u00e9es<\/p><\/li><li data-section-id=\"opcb5\" data-start=\"3934\" data-end=\"3983\"><p data-start=\"3936\" data-end=\"3983\">Droit d\u2019opposition au traitement de vos donn\u00e9es<\/p><\/li><\/ul><p data-start=\"3985\" data-end=\"4074\">Pour exercer ces droits, veuillez nous contacter en utilisant les coordonn\u00e9es ci-dessous.<\/p><p data-start=\"4076\" data-end=\"4192\">Vous avez \u00e9galement le droit d\u2019introduire une r\u00e9clamation aupr\u00e8s de l\u2019autorit\u00e9 de protection des donn\u00e9es comp\u00e9tente.<\/p><hr data-start=\"4194\" data-end=\"4197\" \/><p>8. Informations de contact<\/p><p data-start=\"4234\" data-end=\"4321\">Pour toute question concernant cette politique de cookies, vous pouvez nous contacter :<\/p><p data-start=\"4323\" data-end=\"4352\"><strong data-start=\"4323\" data-end=\"4339\">SG Solutions<\/strong><br data-start=\"4339\" data-end=\"4342\" \/>Belgique<\/p><p data-start=\"4354\" data-end=\"4452\">Site web : <a data-start=\"4365\" data-end=\"4391\" rel=\"noopener\" target=\"_new\" class=\"decorated-link cursor-pointer\">https:\/\/www.sgsolutions.be<span aria-hidden=\"true\" class=\"ms-0.5 inline-block align-middle leading-none\"><svg xmlns=\"http:\/\/www.w3.org\/2000\/svg\" width=\"20\" height=\"20\" aria-hidden=\"true\" data-rtl-flip=\"\" class=\"block h-[0.75em] w-[0.75em] stroke-current stroke-[0.75]\"><use href=\"\/cdn\/assets\/sprites-core-ni7q5mnh.svg#304883\" fill=\"currentColor\"><\/use><\/svg><\/span><\/a><br data-start=\"4391\" data-end=\"4394\" \/>Email : <a data-start=\"4402\" data-end=\"4421\" class=\"decorated-link cursor-pointer\" rel=\"noopener\">info@sgsolutions.be<span aria-hidden=\"true\" class=\"ms-0.5 inline-block align-middle leading-none\"><svg xmlns=\"http:\/\/www.w3.org\/2000\/svg\" width=\"20\" height=\"20\" aria-hidden=\"true\" data-rtl-flip=\"\" class=\"block h-[0.75em] w-[0.75em] stroke-current stroke-[0.75]\"><use href=\"\/cdn\/assets\/sprites-core-ni7q5mnh.svg#304883\" fill=\"currentColor\"><\/use><\/svg><\/span><\/a><br data-start=\"4421\" data-end=\"4424\" \/>T\u00e9l\u00e9phone : +32 42 77 25 94<\/p><h1 class=\"wp-block-heading\"><span style=\"color: #000000;\">\u00a0<\/span><\/h1><p><!-- \/wp:paragraph --><\/p>\t\t\t\t\t\t\t\t<\/div>\n\t\t\t\t<div class=\"elementor-element elementor-element-1f38373 elementor-widget elementor-widget-spacer\" data-id=\"1f38373\" data-element_type=\"widget\" data-e-type=\"widget\" data-widget_type=\"spacer.default\">\n\t\t\t\t\t\t\t<div class=\"elementor-spacer\">\n\t\t\t<div class=\"elementor-spacer-inner\"><\/div>\n\t\t<\/div>\n\t\t\t\t\t\t<\/div>\n\t\t\t\t\t<\/div>\n\t\t\t\t<\/div>\n\t\t\t\t<\/div>\n\t\t","protected":false},"excerpt":{"rendered":"<p>Derni\u00e8re mise \u00e0 jour : 9 mars 2026 Cette politique de cookies s\u2019applique aux citoyens et r\u00e9sidents permanents de l\u2019Espace \u00c9conomique Europ\u00e9en (EEE) et de la Suisse. 1. Introduction Notre site web https:\/\/www.sgsolutions.be (ci-apr\u00e8s : \u00ab le site \u00bb) utilise des cookies et d\u2019autres technologies similaires. Des cookies peuvent \u00e9galement \u00eatre plac\u00e9s par des tiers [&hellip;]<\/p>\n","protected":false},"author":1,"featured_media":0,"parent":0,"menu_order":0,"comment_status":"closed","ping_status":"closed","template":"elementor_header_footer","meta":{"_monsterinsights_skip_tracking":false,"_monsterinsights_sitenote_active":false,"_monsterinsights_sitenote_note":"","_monsterinsights_sitenote_category":0,"footnotes":""},"class_list":["post-1952","page","type-page","status-publish","hentry"],"aioseo_notices":[],"_links":{"self":[{"href":"https:\/\/sgsolutions.shop\/nl\/wp-json\/wp\/v2\/pages\/1952","targetHints":{"allow":["GET"]}}],"collection":[{"href":"https:\/\/sgsolutions.shop\/nl\/wp-json\/wp\/v2\/pages"}],"about":[{"href":"https:\/\/sgsolutions.shop\/nl\/wp-json\/wp\/v2\/types\/page"}],"author":[{"embeddable":true,"href":"https:\/\/sgsolutions.shop\/nl\/wp-json\/wp\/v2\/users\/1"}],"replies":[{"embeddable":true,"href":"https:\/\/sgsolutions.shop\/nl\/wp-json\/wp\/v2\/comments?post=1952"}],"version-history":[{"count":12,"href":"https:\/\/sgsolutions.shop\/nl\/wp-json\/wp\/v2\/pages\/1952\/revisions"}],"predecessor-version":[{"id":2281,"href":"https:\/\/sgsolutions.shop\/nl\/wp-json\/wp\/v2\/pages\/1952\/revisions\/2281"}],"wp:attachment":[{"href":"https:\/\/sgsolutions.shop\/nl\/wp-json\/wp\/v2\/media?parent=1952"}],"curies":[{"name":"wp","href":"https:\/\/api.w.org\/{rel}","templated":true}]}}