{"id":15,"date":"2022-06-27T05:08:17","date_gmt":"2022-06-27T05:08:17","guid":{"rendered":"https:\/\/bracketweb.com\/brotewp\/?page_id=15"},"modified":"2026-03-10T02:24:37","modified_gmt":"2026-03-10T02:24:37","slug":"panneaux-photovoltaique","status":"publish","type":"page","link":"https:\/\/sgsolutions.shop\/nl\/panneaux-photovoltaique\/","title":{"rendered":"Fotovolta\u00efsche panelen"},"content":{"rendered":"<div data-elementor-type=\"wp-page\" data-elementor-id=\"15\" class=\"elementor elementor-15\" data-elementor-post-type=\"page\">\n\t\t\t\t\t\t<section class=\"elementor-section elementor-top-section elementor-element elementor-element-aa15a44 single-service elementor-section-boxed elementor-section-height-default elementor-section-height-default\" data-id=\"aa15a44\" data-element_type=\"section\" data-e-type=\"section\">\n\t\t\t\t\t\t<div class=\"elementor-container elementor-column-gap-default\">\n\t\t\t\t\t<div class=\"elementor-column elementor-col-33 elementor-top-column elementor-element elementor-element-f8ac1d3\" data-id=\"f8ac1d3\" data-element_type=\"column\" data-e-type=\"column\">\n\t\t\t<div class=\"elementor-widget-wrap elementor-element-populated\">\n\t\t\t\t\t\t<div class=\"elementor-element elementor-element-85928d3 elementor-widget elementor-widget-sidebar-nav\" data-id=\"85928d3\" data-element_type=\"widget\" data-e-type=\"widget\" data-widget_type=\"sidebar-nav.default\">\n\t\t\t\t<div class=\"elementor-widget-container\">\n\t\t\t\t\t\r\n    <div class=\"service-details__category\">\r\n                    <h4 class=\"service-details__category-title\">Diensten<\/h4>\r\n                            <ul id=\"menu-service-menu\" class=\"service-details__category-list list-unstyled clearfix ml-0\"><li id=\"menu-item-1233\" class=\"menu-item menu-item-type-post_type menu-item-object-page menu-item-1233\"><a href=\"https:\/\/sgsolutions.shop\/nl\/panneaux-photovoltaique\/\"><span class=\"fa fa-angle-right\"><\/span>Fotovolta\u00efsche panelen<\/a><\/li>\n<li id=\"menu-item-1235\" class=\"menu-item menu-item-type-post_type menu-item-object-page menu-item-1235\"><a href=\"https:\/\/sgsolutions.shop\/nl\/renovation-complete\/\"><span class=\"fa fa-angle-right\"><\/span>Volledige renovatie<\/a><\/li>\n<li id=\"menu-item-1231\" class=\"menu-item menu-item-type-post_type menu-item-object-page menu-item-1231\"><a href=\"https:\/\/sgsolutions.shop\/nl\/pompe-a-chaleur\/\"><span class=\"fa fa-angle-right\"><\/span>Warmtepomp<\/a><\/li>\n<\/ul>        \r\n    <\/div>\r\n\r\n\r\n\r\n\t\t\t\t<\/div>\n\t\t\t\t<\/div>\n\t\t\t\t<div class=\"elementor-element elementor-element-474de1c elementor-widget elementor-widget-footer-sidebar-call-to-action\" data-id=\"474de1c\" data-element_type=\"widget\" data-e-type=\"widget\" data-widget_type=\"footer-sidebar-call-to-action.default\">\n\t\t\t\t<div class=\"elementor-widget-container\">\n\t\t\t\t\t    <div class=\"service-details__need-help\">\r\n        <div class=\"service-details__need-help-bg\" style=\"background-image: url(https:\/\/sgsolutions.shop\/wp-content\/uploads\/2026\/03\/Gemini_Generated_Image_fmmlf6fmmlf6fmml.webp)\">\r\n        <\/div>\r\n        <div class=\"service-details__need-help-icon icon-svg-large\">\r\n            <span aria-hidden=\"true\" class=\"icon-phone-call\"><\/span>        <\/div>\r\n                    <h2 class=\"service-details__need-help-title\">Duurzame energieoplossing voor uw huis en bedrijf.<\/h2>\r\n                            <div class=\"service-details__need-help-contact\">\r\n                <p>SNELLE HULP<\/p>\r\n                <a href=\"tel:003242772594\">+32 42 77 25 94<\/a>\r\n            <\/div>\r\n            <\/div>\r\n\r\n\t\t\t\t<\/div>\n\t\t\t\t<\/div>\n\t\t\t\t<div class=\"elementor-element elementor-element-8dbacb6 elementor-widget elementor-widget-brote-button\" data-id=\"8dbacb6\" data-element_type=\"widget\" data-e-type=\"widget\" data-widget_type=\"brote-button.default\">\n\t\t\t\t<div class=\"elementor-widget-container\">\n\t\t\t\t\t    <div class=\"service-details__download\">\r\n        <a href=\"https:\/\/sgsolutions.shop\/nl\/contactez-nous\/\" class=\"thm-btn service-details__btn\">Neem contact met ons op            <i aria-hidden=\"true\" class=\"fa fa-angle-right\"><\/i>        <\/a>\r\n    <\/div>\r\n\t\t\t\t<\/div>\n\t\t\t\t<\/div>\n\t\t\t\t\t<\/div>\n\t\t<\/div>\n\t\t\t\t<div class=\"elementor-column elementor-col-66 elementor-top-column elementor-element elementor-element-5a9f721\" data-id=\"5a9f721\" data-element_type=\"column\" data-e-type=\"column\">\n\t\t\t<div class=\"elementor-widget-wrap elementor-element-populated\">\n\t\t\t\t\t\t<div class=\"elementor-element elementor-element-b381ed5 service-details__img elementor-widget elementor-widget-image\" data-id=\"b381ed5\" data-element_type=\"widget\" data-e-type=\"widget\" data-widget_type=\"image.default\">\n\t\t\t\t\t\t\t\t\t\t\t\t\t\t\t<img fetchpriority=\"high\" decoding=\"async\" width=\"1264\" height=\"743\" src=\"https:\/\/sgsolutions.shop\/wp-content\/uploads\/2026\/03\/Gemini_Generated_Image_fmmlf6fmmlf6fmml.webp\" class=\"attachment-full size-full wp-image-2165\" alt=\"\" srcset=\"https:\/\/sgsolutions.shop\/wp-content\/uploads\/2026\/03\/Gemini_Generated_Image_fmmlf6fmmlf6fmml.webp 1264w, https:\/\/sgsolutions.shop\/wp-content\/uploads\/2026\/03\/Gemini_Generated_Image_fmmlf6fmmlf6fmml-300x176.webp 300w, https:\/\/sgsolutions.shop\/wp-content\/uploads\/2026\/03\/Gemini_Generated_Image_fmmlf6fmmlf6fmml-1024x602.webp 1024w, https:\/\/sgsolutions.shop\/wp-content\/uploads\/2026\/03\/Gemini_Generated_Image_fmmlf6fmmlf6fmml-768x451.webp 768w, https:\/\/sgsolutions.shop\/wp-content\/uploads\/2026\/03\/Gemini_Generated_Image_fmmlf6fmmlf6fmml-18x12.webp 18w\" sizes=\"(max-width: 1264px) 100vw, 1264px\" \/>\t\t\t\t\t\t\t\t\t\t\t\t\t\t\t<\/div>\n\t\t\t\t<div class=\"elementor-element elementor-element-0cbc55b elementor-widget elementor-widget-heading\" data-id=\"0cbc55b\" data-element_type=\"widget\" data-e-type=\"widget\" data-widget_type=\"heading.default\">\n\t\t\t\t\t<h3 class=\"elementor-heading-title elementor-size-default\">Zonne-energieproductie<\/h3>\t\t\t\t<\/div>\n\t\t\t\t<div class=\"elementor-element elementor-element-507d874 elementor-widget elementor-widget-text-editor\" data-id=\"507d874\" data-element_type=\"widget\" data-e-type=\"widget\" data-widget_type=\"text-editor.default\">\n\t\t\t\t\t\t\t\t\t<p data-start=\"314\" data-end=\"630\"><strong>Fotovolta\u00efsche panelen maken het mogelijk om uw eigen elektriciteit te produceren, waardoor uw energiefacturen dalen en de energie-autonomie van uw woning of bedrijf wordt verbeterd. De opgewekte energie kan uw elektrische apparaten, verlichting, laadpalen, warmtepompen of airconditioning voeden.<br \/><br \/><\/strong><\/p><p><strong>Dankzij moderne technologie\u00ebn zijn deze panelen zeer performant: de cellen vangen de zonnestralen op en produceren gelijkstroom, die vervolgens wordt omgezet in wisselstroom voor huishoudelijk of professioneel gebruik.<\/strong><\/p>\t\t\t\t\t\t\t\t<\/div>\n\t\t\t\t<div class=\"elementor-element elementor-element-c6291a9 elementor-widget elementor-widget-text-editor\" data-id=\"c6291a9\" data-element_type=\"widget\" data-e-type=\"widget\" data-widget_type=\"text-editor.default\">\n\t\t\t\t\t\t\t\t\t<p>Professionele en op maat gemaakte installatie<\/p>\t\t\t\t\t\t\t\t<\/div>\n\t\t\t\t<div class=\"elementor-element elementor-element-dff7be2 elementor-widget elementor-widget-text-editor\" data-id=\"dff7be2\" data-element_type=\"widget\" data-e-type=\"widget\" data-widget_type=\"text-editor.default\">\n\t\t\t\t\t\t\t\t\t<p data-start=\"977\" data-end=\"1323\"><strong>Bij SG Solutions voeren wij een studie van uw project uit, inclusief dimensionering en analyse van uw gebouw. Onze gecertificeerde elektriciens installeren de panelen en alle technische elementen en zorgen voor aansluitingen volgens de geldende normen. <br \/><br \/>Wij bieden een volledige opvolging en persoonlijke begeleiding om een optimale en duurzame prestatie van uw zonne-installatie te garanderen. Onze oplossingen zijn geschikt voor particulieren en bedrijven, zowel voor nieuwbouw als renovatie.<\/strong><\/p>\t\t\t\t\t\t\t\t<\/div>\n\t\t\t\t<div class=\"elementor-element elementor-element-6feff36 elementor-hidden-desktop elementor-hidden-tablet elementor-hidden-mobile elementor-widget elementor-widget-brote-icon-box\" data-id=\"6feff36\" data-element_type=\"widget\" data-e-type=\"widget\" data-widget_type=\"brote-icon-box.default\">\n\t\t\t\t<div class=\"elementor-widget-container\">\n\t\t\t\t\t    <div class=\"service-details__points-box\">\r\n                    <ul class=\"list-unstyled service-details__points ml-0\">\r\n                                    <li>\r\n                        <div class=\"service-details__points-icon icon-svg-large\">\r\n                            <span aria-hidden=\"true\" class=\"icon-household\"><\/span>                        <\/div>\r\n                        <div class=\"service-details__points-content\">\r\n                            <p>Wij bieden moderne en duurzame energieoplossingen om de energieprestaties van woningen en bedrijven te verbeteren.<\/p>\r\n                        <\/div>\r\n                    <\/li>\r\n                                    <li>\r\n                        <div class=\"service-details__points-icon icon-svg-large\">\r\n                            <span aria-hidden=\"true\" class=\"icon-broom\"><\/span>                        <\/div>\r\n                        <div class=\"service-details__points-content\">\r\n                            <p>\nWij bieden moderne en duurzame energieoplossingen om de energieprestaties van woningen en bedrijven te verbeteren.<\/p>\r\n                        <\/div>\r\n                    <\/li>\r\n                            <\/ul>\r\n            <\/div>\r\n\t\t\t\t<\/div>\n\t\t\t\t<\/div>\n\t\t\t\t<div class=\"elementor-element elementor-element-faee07d elementor-widget elementor-widget-brote-our-benefit\" data-id=\"faee07d\" data-element_type=\"widget\" data-e-type=\"widget\" data-widget_type=\"brote-our-benefit.default\">\n\t\t\t\t<div class=\"elementor-widget-container\">\n\t\t\t\t\t\t<div class=\"service-details__benefits\">\r\n\t\t<div class=\"row\">\r\n\t\t\t<div class=\"col-xl-6\">\r\n\t\t\t\t\t\t\t\t\t<div class=\"service-details__benefits-img\">\r\n\t\t\t\t\t\t<img decoding=\"async\" src=\"https:\/\/sgsolutions.shop\/wp-content\/uploads\/2026\/03\/Panneaux-PC3.webp\" alt=\"\">\r\n\t\t\t\t\t<\/div>\r\n\t\t\t\t\t\t\t<\/div>\r\n\t\t\t<div class=\"col-xl-6\">\r\n\t\t\t\t<div class=\"service-details__benefits-right\">\r\n\t\t\t\t\t\t\t\t\t\t\t<h3 class=\"service-details__benefits-title\">De voordelen van kiezen voor SG Solutions<\/h3>\r\n\t\t\t\t\t\t\t\t\t\t\t\t\t\t\t\t<p class=\"service-betails__benefits-text-1\">Wij bieden moderne en duurzame energieoplossingen om de energieprestaties van woningen en bedrijven te verbeteren.<\/p>\r\n\t\t\t\t\t\t\t\t\t\t\t\t\t\t\t\t<ul class=\"list-unstyled service-details__benefits-points ml-0\">\r\n\t\t\t\t\t\t\t\t\t\t\t\t\t\t\t<li>\r\n\t\t\t\t\t\t\t\t\t<div class=\"icon icon-svg\">\r\n\t\t\t\t\t\t\t\t\t\t<i aria-hidden=\"true\" class=\"fa fa-check\"><\/i>\t\t\t\t\t\t\t\t\t<\/div>\r\n\t\t\t\t\t\t\t\t\t<div class=\"text\">\r\n\t\t\t\t\t\t\t\t\t\t<p>Duurzame energieoplossingen<\/p>\r\n\t\t\t\t\t\t\t\t\t<\/div>\r\n\t\t\t\t\t\t\t\t<\/li>\r\n\t\t\t\t\t\t\t\t\t\t\t\t\t\t\t<li>\r\n\t\t\t\t\t\t\t\t\t<div class=\"icon icon-svg\">\r\n\t\t\t\t\t\t\t\t\t\t<i aria-hidden=\"true\" class=\"fa fa-check\"><\/i>\t\t\t\t\t\t\t\t\t<\/div>\r\n\t\t\t\t\t\t\t\t\t<div class=\"text\">\r\n\t\t\t\t\t\t\t\t\t\t<p>Betrouwbare en hoogwaardige producten\n<\/p>\r\n\t\t\t\t\t\t\t\t\t<\/div>\r\n\t\t\t\t\t\t\t\t<\/li>\r\n\t\t\t\t\t\t\t\t\t\t\t\t\t\t\t<li>\r\n\t\t\t\t\t\t\t\t\t<div class=\"icon icon-svg\">\r\n\t\t\t\t\t\t\t\t\t\t<i aria-hidden=\"true\" class=\"fa fa-check\"><\/i>\t\t\t\t\t\t\t\t\t<\/div>\r\n\t\t\t\t\t\t\t\t\t<div class=\"text\">\r\n\t\t\t\t\t\t\t\t\t\t<p>Gepersonaliseerde ondersteuning<\/p>\r\n\t\t\t\t\t\t\t\t\t<\/div>\r\n\t\t\t\t\t\t\t\t<\/li>\r\n\t\t\t\t\t\t\t\t\t\t\t\t\t\t\t<li>\r\n\t\t\t\t\t\t\t\t\t<div class=\"icon icon-svg\">\r\n\t\t\t\t\t\t\t\t\t\t<i aria-hidden=\"true\" class=\"fa fa-check\"><\/i>\t\t\t\t\t\t\t\t\t<\/div>\r\n\t\t\t\t\t\t\t\t\t<div class=\"text\">\r\n\t\t\t\t\t\t\t\t\t\t<p>Professionele expertise<\/p>\r\n\t\t\t\t\t\t\t\t\t<\/div>\r\n\t\t\t\t\t\t\t\t<\/li>\r\n\t\t\t\t\t\t\t\t\t\t\t\t\t<\/ul>\r\n\t\t\t\t\t\t\t\t\t<\/div>\r\n\t\t\t<\/div>\r\n\t\t<\/div>\r\n\t<\/div>\r\n\t\t\t\t<\/div>\n\t\t\t\t<\/div>\n\t\t\t\t<div class=\"elementor-element elementor-element-db7d4fd elementor-widget elementor-widget-brote-faq\" data-id=\"db7d4fd\" data-element_type=\"widget\" data-e-type=\"widget\" data-widget_type=\"brote-faq.default\">\n\t\t\t\t<div class=\"elementor-widget-container\">\n\t\t\t\t\t\r\n\t<div class=\"accrodion-grp faq-one-accrodion\" data-grp-name=\"faq-one-accrodion\">\r\n\t\t\t\t\t<div class=\"accrodion active\">\r\n\t\t\t\t<div class=\"accrodion-title\">\r\n\t\t\t\t\t<h4>Hoe werken fotovolta\u00efsche panelen?<\/h4>\r\n\t\t\t\t<\/div>\r\n\t\t\t\t<div class=\"accrodion-content\">\r\n\t\t\t\t\t<div class=\"inner\">\r\n\t\t\t\t\t\t<p>Fotovolta\u00efsche panelen vangen de energie van de zon op en zetten deze om in elektriciteit die bruikbaar is voor uw woning of uw bedrijf. Deze energie kan rechtstreeks worden gebruikt of opgeslagen in een batterij voor later gebruik.\n<\/p>\r\n\t\t\t\t\t<\/div><!-- \/.inner -->\r\n\t\t\t\t<\/div>\r\n\t\t\t<\/div>\r\n\t\t\t\t\t<div class=\"accrodion\">\r\n\t\t\t\t<div class=\"accrodion-title\">\r\n\t\t\t\t\t<h4>Is het mogelijk om de opgewekte energie op te slaan?<\/h4>\r\n\t\t\t\t<\/div>\r\n\t\t\t\t<div class=\"accrodion-content\">\r\n\t\t\t\t\t<div class=\"inner\">\r\n\t\t\t\t\t\t<p>Ja. Dankzij een opslagoplossing, zoals een batterij, kan de elektriciteit die door de zonnepanelen wordt geproduceerd worden opgeslagen en later worden gebruikt wanneer de productie lager is, bijvoorbeeld \u2019s avonds of tijdens bewolkte periodes.<\/p>\r\n\t\t\t\t\t<\/div><!-- \/.inner -->\r\n\t\t\t\t<\/div>\r\n\t\t\t<\/div>\r\n\t\t\t\t\t<div class=\"accrodion\">\r\n\t\t\t\t<div class=\"accrodion-title\">\r\n\t\t\t\t\t<h4>Helpen zonnepanelen echt om de elektriciteitsrekening te verlagen?<\/h4>\r\n\t\t\t\t<\/div>\r\n\t\t\t\t<div class=\"accrodion-content\">\r\n\t\t\t\t\t<div class=\"inner\">\r\n\t\t\t\t\t\t<p>Ja. Door uw eigen elektriciteit te produceren, vermindert u uw afhankelijkheid van het traditionele energienet. Dit maakt het mogelijk om de kosten van uw energieverbruik aanzienlijk te verlagen.\n<\/p>\r\n\t\t\t\t\t<\/div><!-- \/.inner -->\r\n\t\t\t\t<\/div>\r\n\t\t\t<\/div>\r\n\t\t\t\t\t<div class=\"accrodion\">\r\n\t\t\t\t<div class=\"accrodion-title\">\r\n\t\t\t\t\t<h4>Zijn zonnepanelen geschikt voor woningen en bedrijven?<\/h4>\r\n\t\t\t\t<\/div>\r\n\t\t\t\t<div class=\"accrodion-content\">\r\n\t\t\t\t\t<div class=\"inner\">\r\n\t\t\t\t\t\t<p>Ja. Fotovolta\u00efsche installaties kunnen zowel voor particuliere woningen als voor professionele gebouwen worden aangepast, afhankelijk van de beschikbare oppervlakte en de energiebehoeften.<\/p>\r\n\t\t\t\t\t<\/div><!-- \/.inner -->\r\n\t\t\t\t<\/div>\r\n\t\t\t<\/div>\r\n\t\t\t<\/div>\r\n\r\n\t\t\t\t<\/div>\n\t\t\t\t<\/div>\n\t\t\t\t\t<\/div>\n\t\t<\/div>\n\t\t\t\t\t<\/div>\n\t\t<\/section>\n\t\t\t\t<\/div>","protected":false},"excerpt":{"rendered":"<p>Services Panneaux Photovolta\u00efques #749 (no title) R\u00e9novation Compl\u00e8te Pompe \u00c0 Chaleur #753 (no title) #755 (no title) Solution \u00e9nerg\u00e9tique durable pour votre maison et votre entreprise ASSISTANCE RAPIDE +32 42 77 25 94 Nous contacter Production d\u2019\u00e9nergie solaire Les panneaux photovolta\u00efques permettent de produire votre propre \u00e9lectricit\u00e9, r\u00e9duisant vos factures et am\u00e9liorant l\u2019autonomie \u00e9nerg\u00e9tique de [&hellip;]<\/p>\n","protected":false},"author":1,"featured_media":0,"parent":0,"menu_order":0,"comment_status":"closed","ping_status":"closed","template":"elementor_header_footer","meta":{"_monsterinsights_skip_tracking":false,"_monsterinsights_sitenote_active":false,"_monsterinsights_sitenote_note":"","_monsterinsights_sitenote_category":0,"footnotes":""},"class_list":["post-15","page","type-page","status-publish","hentry"],"aioseo_notices":[],"_links":{"self":[{"href":"https:\/\/sgsolutions.shop\/nl\/wp-json\/wp\/v2\/pages\/15","targetHints":{"allow":["GET"]}}],"collection":[{"href":"https:\/\/sgsolutions.shop\/nl\/wp-json\/wp\/v2\/pages"}],"about":[{"href":"https:\/\/sgsolutions.shop\/nl\/wp-json\/wp\/v2\/types\/page"}],"author":[{"embeddable":true,"href":"https:\/\/sgsolutions.shop\/nl\/wp-json\/wp\/v2\/users\/1"}],"replies":[{"embeddable":true,"href":"https:\/\/sgsolutions.shop\/nl\/wp-json\/wp\/v2\/comments?post=15"}],"version-history":[{"count":40,"href":"https:\/\/sgsolutions.shop\/nl\/wp-json\/wp\/v2\/pages\/15\/revisions"}],"predecessor-version":[{"id":2224,"href":"https:\/\/sgsolutions.shop\/nl\/wp-json\/wp\/v2\/pages\/15\/revisions\/2224"}],"wp:attachment":[{"href":"https:\/\/sgsolutions.shop\/nl\/wp-json\/wp\/v2\/media?parent=15"}],"curies":[{"name":"wp","href":"https:\/\/api.w.org\/{rel}","templated":true}]}}